{"id":1012,"date":"2025-04-27T09:19:11","date_gmt":"2025-04-27T07:19:11","guid":{"rendered":"https:\/\/raeuchermagie.ch\/?page_id=1012"},"modified":"2026-01-09T13:34:20","modified_gmt":"2026-01-09T12:34:20","slug":"impressum","status":"publish","type":"page","link":"https:\/\/raeuchermagie.ch\/?page_id=1012","title":{"rendered":"Impressum"},"content":{"rendered":"<p>[et_pb_section fb_built=&#8220;1&#8243; fullwidth=&#8220;on&#8220; _builder_version=&#8220;4.27.4&#8243; _module_preset=&#8220;default&#8220; background_color=&#8220;#000000&#8243; background_enable_image=&#8220;off&#8220; parallax=&#8220;on&#8220; max_height=&#8220;421px&#8220; top_divider_color=&#8220;#000000&#8243; top_divider_height=&#8220;38px&#8220; global_colors_info=&#8220;{}&#8220;][et_pb_fullwidth_slider _builder_version=&#8220;4.27.4&#8243; _module_preset=&#8220;default&#8220; global_colors_info=&#8220;{}&#8220;][et_pb_slide heading=&#8220;Impressum&#8220; _builder_version=&#8220;4.27.4&#8243; _module_preset=&#8220;default&#8220; background_enable_color=&#8220;off&#8220; background_image=&#8220;https:\/\/raeuchermagie.ch\/wp-content\/uploads\/2025\/04\/Copal-Trio-scaled-1.jpg&#8220; background_enable_image=&#8220;on&#8220; global_colors_info=&#8220;{}&#8220; sticky_transition=&#8220;on&#8220;][\/et_pb_slide][\/et_pb_fullwidth_slider][\/et_pb_section][et_pb_section fb_built=&#8220;1&#8243; _builder_version=&#8220;4.27.4&#8243; _module_preset=&#8220;default&#8220; background_color=&#8220;#000000&#8243; use_background_color_gradient=&#8220;on&#8220; background_color_gradient_direction=&#8220;317deg&#8220; background_color_gradient_stops=&#8220;#0a0000 1%|#d60095 19%|#000000 39%&#8220; global_colors_info=&#8220;{%22gcid-ee5c9a52-c461-41eb-992d-9383cffbfa43%22:%91%22background_color_gradient_stops%22%93}&#8220;][et_pb_row _builder_version=&#8220;4.27.4&#8243; _module_preset=&#8220;default&#8220; custom_padding=&#8220;16px|||||&#8220; global_colors_info=&#8220;{}&#8220;][et_pb_column type=&#8220;4_4&#8243; _builder_version=&#8220;4.27.4&#8243; _module_preset=&#8220;default&#8220; global_colors_info=&#8220;{}&#8220;][et_pb_text _builder_version=&#8220;4.27.4&#8243; _module_preset=&#8220;default&#8220; global_colors_info=&#8220;{}&#8220;]<\/p>\n<p><strong>Angaben gem\u00e4\u00df \u00a7 5 TMG \/ Art. 14 DSG (Schweiz)<\/strong><\/p>\n<p><strong>R\u00e4uchermagie<\/strong><br \/>Inhaberin: Sandra Benois Kettgauerstr.88 8211 Neuhausen<\/p>\n<p>Schweiz<\/p>\n<p>Telefon: 078 770 36 26<br \/>E-Mail: info@raeuchermagie.ch<br \/>Website: <a href=\"http:\/\/www.raeuchermagie.ch\">www.raeuchermagie.ch<\/a><\/p>\n<p><strong>Unternehmensform:<\/strong><br \/>Einzelfirma<\/p>\n<p><strong>Mehrwertsteuer-Nummer:<\/strong><br \/>[falls vorhanden: MwSt.-Nr.]<\/p>\n<p><strong>Verantwortlich f\u00fcr den Inhalt dieser Website:<\/strong><br \/>Sandra Benois<br \/>Adresse wie oben.<\/p>\n<p><strong>Haftungsausschluss<\/strong><br \/>Die Inhalte dieser Seiten wurden mit gr\u00f6\u00dfter Sorgfalt erstellt. F\u00fcr die Richtigkeit, Vollst\u00e4ndigkeit und Aktualit\u00e4t der Inhalte k\u00f6nnen wir jedoch keine Gew\u00e4hr \u00fcbernehmen.<\/p>\n<p><strong>Haftung f\u00fcr Links<\/strong><br \/>Unser Angebot enth\u00e4lt Links zu externen Websites Dritter, auf deren Inhalte wir keinen Einfluss haben. Deshalb \u00fcbernehmen wir f\u00fcr diese fremden Inhalte keine Gew\u00e4hr. F\u00fcr die Inhalte der verlinkten Seiten ist stets der jeweilige Anbieter verantwortlich.<\/p>\n<p><strong>Urheberrecht<\/strong><br \/>Die Inhalte und Werke auf diesen Seiten unterliegen dem schweizerischen Urheberrecht. Beitr\u00e4ge Dritter sind als solche gekennzeichnet. Jede Art der Verwertung au\u00dferhalb der Grenzen des Urheberrechtes bedarf der schriftlichen Zustimmung.<\/p>\n<p><strong>Online-Streitbeilegung<\/strong><br \/>Plattform der EU-Kommission zur Online-Streitbeilegung: <a href=\"https:\/\/ec.europa.eu\/consumers\/odr\/\">https:\/\/ec.europa.eu\/consumers\/odr\/<\/a><br \/>Wir sind nicht verpflichtet und nicht bereit, an Streitbeilegungsverfahren vor einer Verbraucherschlichtungsstelle teilzunehmen.<\/p>\n<p>[\/et_pb_text][\/et_pb_column][\/et_pb_row][\/et_pb_section]<\/p>\n","protected":false},"excerpt":{"rendered":"<p>Angaben gem\u00e4\u00df \u00a7 5 TMG \/ Art. 14 DSG (Schweiz) R\u00e4uchermagieInhaberin: Sandra Benois Kettgauerstr.88 8211 Neuhausen Schweiz Telefon: 078 770 36 26E-Mail: info@raeuchermagie.chWebsite: www.raeuchermagie.ch Unternehmensform:Einzelfirma Mehrwertsteuer-Nummer:[falls vorhanden: MwSt.-Nr.] Verantwortlich f\u00fcr den Inhalt dieser Website:Sandra BenoisAdresse wie oben. HaftungsausschlussDie Inhalte dieser Seiten wurden mit gr\u00f6\u00dfter Sorgfalt erstellt. F\u00fcr die Richtigkeit, Vollst\u00e4ndigkeit und Aktualit\u00e4t der Inhalte k\u00f6nnen [&hellip;]<\/p>\n","protected":false},"author":1,"featured_media":0,"parent":0,"menu_order":0,"comment_status":"closed","ping_status":"closed","template":"","meta":{"_et_pb_use_builder":"on","_et_pb_old_content":"","_et_gb_content_width":"","inline_featured_image":false,"footnotes":""},"class_list":["post-1012","page","type-page","status-publish","hentry"],"_links":{"self":[{"href":"https:\/\/raeuchermagie.ch\/index.php?rest_route=\/wp\/v2\/pages\/1012","targetHints":{"allow":["GET"]}}],"collection":[{"href":"https:\/\/raeuchermagie.ch\/index.php?rest_route=\/wp\/v2\/pages"}],"about":[{"href":"https:\/\/raeuchermagie.ch\/index.php?rest_route=\/wp\/v2\/types\/page"}],"author":[{"embeddable":true,"href":"https:\/\/raeuchermagie.ch\/index.php?rest_route=\/wp\/v2\/users\/1"}],"replies":[{"embeddable":true,"href":"https:\/\/raeuchermagie.ch\/index.php?rest_route=%2Fwp%2Fv2%2Fcomments&post=1012"}],"version-history":[{"count":12,"href":"https:\/\/raeuchermagie.ch\/index.php?rest_route=\/wp\/v2\/pages\/1012\/revisions"}],"predecessor-version":[{"id":1309,"href":"https:\/\/raeuchermagie.ch\/index.php?rest_route=\/wp\/v2\/pages\/1012\/revisions\/1309"}],"wp:attachment":[{"href":"https:\/\/raeuchermagie.ch\/index.php?rest_route=%2Fwp%2Fv2%2Fmedia&parent=1012"}],"curies":[{"name":"wp","href":"https:\/\/api.w.org\/{rel}","templated":true}]}}