{"id":227,"date":"2024-10-14T09:15:40","date_gmt":"2024-10-14T07:15:40","guid":{"rendered":"https:\/\/raeuchermagie.ch\/?page_id=227"},"modified":"2026-01-09T13:37:34","modified_gmt":"2026-01-09T12:37:34","slug":"content","status":"publish","type":"page","link":"https:\/\/raeuchermagie.ch\/?page_id=227","title":{"rendered":"Content"},"content":{"rendered":"<p>[et_pb_section fb_built=&#8220;1&#8243; fullwidth=&#8220;on&#8220; _builder_version=&#8220;4.27.4&#8243; _module_preset=&#8220;default&#8220; top_divider_color=&#8220;#000000&#8243; top_divider_height=&#8220;38px&#8220; global_colors_info=&#8220;{}&#8220;][et_pb_fullwidth_slider _builder_version=&#8220;4.27.4&#8243; _module_preset=&#8220;default&#8220; background_color=&#8220;#000000&#8243; background_enable_video_mp4=&#8220;off&#8220; auto=&#8220;on&#8220; global_colors_info=&#8220;{}&#8220;][et_pb_slide heading=&#8220;\u00fcber uns&#8220; use_bg_overlay=&#8220;on&#8220; use_text_overlay=&#8220;off&#8220; _builder_version=&#8220;4.27.4&#8243; _module_preset=&#8220;default&#8220; header_font=&#8220;Cormorant Garamond||||||||&#8220; header_text_color=&#8220;gcid-c31b744c-3105-423f-b62d-1a013e54d708&#8243; header_font_size=&#8220;100px&#8220; body_font=&#8220;Satisfy||||||||&#8220; body_font_size=&#8220;42px&#8220; body_line_height=&#8220;1.8em&#8220; background_enable_color=&#8220;off&#8220; background_image=&#8220;https:\/\/raeuchermagie.ch\/wp-content\/uploads\/2024\/08\/rm_header_02.jpg&#8220; background_enable_image=&#8220;on&#8220; background_enable_video_mp4=&#8220;off&#8220; custom_button=&#8220;on&#8220; button_text_color=&#8220;gcid-c31b744c-3105-423f-b62d-1a013e54d708&#8243; button_bg_color=&#8220;#000000&#8243; button_border_width=&#8220;2px&#8220; button_border_radius=&#8220;19px&#8220; header_text_shadow_style=&#8220;preset3&#8243; global_colors_info=&#8220;{%22gcid-c31b744c-3105-423f-b62d-1a013e54d708%22:%91%22header_text_color%22,%22button_text_color%22%93}&#8220; sticky_transition=&#8220;on&#8220;][\/et_pb_slide][et_pb_slide heading=&#8220;\u00fcber uns&#8220; use_bg_overlay=&#8220;on&#8220; use_text_overlay=&#8220;off&#8220; _builder_version=&#8220;4.27.4&#8243; _module_preset=&#8220;default&#8220; header_font=&#8220;Cormorant Garamond||||||||&#8220; header_text_color=&#8220;gcid-c31b744c-3105-423f-b62d-1a013e54d708&#8243; header_font_size=&#8220;100px&#8220; body_font=&#8220;Satisfy||||||||&#8220; body_font_size=&#8220;42px&#8220; body_line_height=&#8220;1.8em&#8220; background_enable_color=&#8220;off&#8220; background_image=&#8220;https:\/\/raeuchermagie.ch\/wp-content\/uploads\/2025\/01\/shutterstock_1960883188-scaled.jpg&#8220; background_enable_image=&#8220;on&#8220; background_position=&#8220;bottom_right&#8220; background_enable_video_mp4=&#8220;off&#8220; custom_button=&#8220;on&#8220; button_text_color=&#8220;gcid-c31b744c-3105-423f-b62d-1a013e54d708&#8243; button_bg_color=&#8220;#000000&#8243; button_border_width=&#8220;2px&#8220; button_border_radius=&#8220;19px&#8220; header_text_shadow_style=&#8220;preset3&#8243; global_colors_info=&#8220;{%22gcid-c31b744c-3105-423f-b62d-1a013e54d708%22:%91%22header_text_color%22,%22button_text_color%22%93}&#8220; sticky_transition=&#8220;on&#8220;][\/et_pb_slide][\/et_pb_fullwidth_slider][\/et_pb_section][et_pb_section fb_built=&#8220;1&#8243; _builder_version=&#8220;4.26.1&#8243; _module_preset=&#8220;default&#8220; background_color=&#8220;#000000&#8243; use_background_color_gradient=&#8220;on&#8220; background_color_gradient_direction=&#8220;317deg&#8220; background_color_gradient_stops=&#8220;#0a0000 1%|#d60095 19%|#000000 39%&#8220; global_colors_info=&#8220;{%22gcid-ee5c9a52-c461-41eb-992d-9383cffbfa43%22:%91%22background_color_gradient_stops%22%93}&#8220;][et_pb_row _builder_version=&#8220;4.22.1&#8243; _module_preset=&#8220;default&#8220; global_colors_info=&#8220;{}&#8220;][et_pb_column type=&#8220;4_4&#8243; _builder_version=&#8220;4.22.1&#8243; _module_preset=&#8220;default&#8220; global_colors_info=&#8220;{}&#8220;][et_pb_text _builder_version=&#8220;4.27.4&#8243; _module_preset=&#8220;default&#8220; text_font=&#8220;&#8211;et_global_body_font||||||||&#8220; text_font_size=&#8220;26px&#8220; text_line_height=&#8220;1.8em&#8220; header_font=&#8220;&#8211;et_global_heading_font||||||||&#8220; header_2_font=&#8220;Satisfy||||||||&#8220; header_2_font_size=&#8220;51px&#8220; animation_style=&#8220;fade&#8220; global_colors_info=&#8220;{}&#8220;]<\/p>\n<h1>R\u00e4uchermagie die kleine R\u00e4uchermanufaktur mit Bewusstsein<\/h1>\n<p>&nbsp;<\/p>\n<p>Team<\/p>\n<p>Sandra Benois R\u00e4ucherfrau Hexe seit 1992 r\u00e4ucherausbildung bei einer Somalischen Schamanin 1992-1996 in Afrika Kenya Watsmu.<\/p>\n<p>Ich r\u00e4ucher seit meinem 18 Lebensjahr also bereits seit 35 Jahren als ich 1996 aus Afrika zur\u00fcck kam h\u00e4tte ich nie gedacht das ich mit meinem Hobby f\u00fcr das ich immer bel\u00e4chelt wurde zum Trend werde. Seit Jahren kreiere ich meine eigenen Mischunge f\u00fcr mich und andere. In den letzten Jahren wurde die Nachfrage immer gr\u00f6sser und so gr\u00fcndete ich R\u00e4uchermagie besuchte Weihnachtsm\u00e4rkte und fand Vertriebsparner und nun wurde es Zeit den n\u00e4chsten Schritt zu gehen.\u00a0<\/p>\n<p>&nbsp;<\/p>\n<p>\u00dcber meine Mischungen<\/p>\n<p>ich stelle meine Mischungen mit sehr viel Licht und Liebe her meine Kr\u00e4uter kommen solange Vorrat aus meinem Bio Hexengarten oder von einem von mir ausgesuchten Grossh\u00e4ndler. Meine Harze und Weihrauchsorten kommen von einem H\u00e4ndler meines Vertrauens den ich bereits seit Jahren kenne oder werden von mir selber \u00fcber meine Somalische Familie importiert. (wird gekennzeichnet)<\/p>\n<p>&nbsp;<\/p>\n<p>&nbsp;<\/p>\n<p>[\/et_pb_text][et_pb_image src=&#8220;https:\/\/raeuchermagie.ch\/wp-content\/uploads\/2024\/12\/weihrauch.png&#8220; title_text=&#8220;weihrauch&#8220; _builder_version=&#8220;4.27.2&#8243; _module_preset=&#8220;default&#8220; animation_style=&#8220;fade&#8220; border_radii=&#8220;on|20px|20px|20px|20px&#8220; border_width_all=&#8220;8px&#8220; border_color_all=&#8220;gcid-ee5c9a52-c461-41eb-992d-9383cffbfa43&#8243; global_colors_info=&#8220;{%22gcid-ee5c9a52-c461-41eb-992d-9383cffbfa43%22:%91%22border_color_all%22%93}&#8220;][\/et_pb_image][\/et_pb_column][\/et_pb_row][et_pb_row _builder_version=&#8220;4.26.1&#8243; _module_preset=&#8220;default&#8220; global_colors_info=&#8220;{}&#8220;][et_pb_column type=&#8220;4_4&#8243; _builder_version=&#8220;4.26.1&#8243; _module_preset=&#8220;default&#8220; global_colors_info=&#8220;{}&#8220;][et_pb_text _builder_version=&#8220;4.27.4&#8243; _module_preset=&#8220;default&#8220; text_font=&#8220;&#8211;et_global_body_font||||||||&#8220; text_font_size=&#8220;26px&#8220; text_line_height=&#8220;1.8em&#8220; header_font=&#8220;Cormorant Garamond||||||||&#8220; header_2_font=&#8220;Satisfy||||||||&#8220; header_2_font_size=&#8220;51px&#8220; animation_style=&#8220;fade&#8220; global_colors_info=&#8220;{}&#8220;]<\/p>\n<div class=\"group\/conversation-turn relative flex w-full min-w-0 flex-col agent-turn\">\n<div class=\"flex-col gap-1 md:gap-3\">\n<div class=\"flex max-w-full flex-col flex-grow\">\n<div data-message-author-role=\"assistant\" data-message-id=\"245124dd-c5ce-48b6-af61-54f5a4cb4954\" dir=\"auto\" class=\"min-h-[20px] text-message flex w-full flex-col items-end gap-2 whitespace-pre-wrap break-words [.text-message+&amp;]:mt-5 overflow-x-auto\">\n<div class=\"flex w-full flex-col gap-1 empty:hidden first:pt-[3px]\">\n<div class=\"markdown prose w-full break-words dark:prose-invert light\">\n<h1><span>Lorem ipsum dolor sit amet <\/span><\/h1>\n<p><span>consectetur adipiscing, elit ad nisl aliquet dis nulla, nam litora ornare eu a. Nulla rhoncus primis semper curae morbi nunc torquent, mattis eleifend volutpat risus orci nisl ullamcorper, suscipit elementum quis fermentum quisque lectus. Montes himenaeos nam id bibendum nibh ultrices etiam justo curabitur nisi ultricies, maecenas malesuada platea a accumsan volutpat massa lacinia donec. Nulla cum felis orci laoreet luctus netus justo sociis suspendisse urna, sapien ultricies ridiculus augue curae purus pretium vel. Viverra facilisi inceptos tortor bibendum magna, per himenaeos quis varius nec magnis, tempor parturient ligula semper.<\/span><\/p>\n<\/div>\n<\/div>\n<\/div>\n<\/div>\n<\/div>\n<\/div>\n<p>[\/et_pb_text][\/et_pb_column][\/et_pb_row][\/et_pb_section]<\/p>\n","protected":false},"excerpt":{"rendered":"<p>R\u00e4uchermagie die kleine R\u00e4uchermanufaktur mit Bewusstsein &nbsp; Team Sandra Benois R\u00e4ucherfrau Hexe seit 1992 r\u00e4ucherausbildung bei einer Somalischen Schamanin 1992-1996 in Afrika Kenya Watsmu. Ich r\u00e4ucher seit meinem 18 Lebensjahr also bereits seit 35 Jahren als ich 1996 aus Afrika zur\u00fcck kam h\u00e4tte ich nie gedacht das ich mit meinem Hobby f\u00fcr das ich immer [&hellip;]<\/p>\n","protected":false},"author":1,"featured_media":0,"parent":0,"menu_order":0,"comment_status":"closed","ping_status":"closed","template":"","meta":{"_et_pb_use_builder":"on","_et_pb_old_content":"","_et_gb_content_width":"","inline_featured_image":false,"footnotes":""},"class_list":["post-227","page","type-page","status-publish","hentry"],"_links":{"self":[{"href":"https:\/\/raeuchermagie.ch\/index.php?rest_route=\/wp\/v2\/pages\/227","targetHints":{"allow":["GET"]}}],"collection":[{"href":"https:\/\/raeuchermagie.ch\/index.php?rest_route=\/wp\/v2\/pages"}],"about":[{"href":"https:\/\/raeuchermagie.ch\/index.php?rest_route=\/wp\/v2\/types\/page"}],"author":[{"embeddable":true,"href":"https:\/\/raeuchermagie.ch\/index.php?rest_route=\/wp\/v2\/users\/1"}],"replies":[{"embeddable":true,"href":"https:\/\/raeuchermagie.ch\/index.php?rest_route=%2Fwp%2Fv2%2Fcomments&post=227"}],"version-history":[{"count":12,"href":"https:\/\/raeuchermagie.ch\/index.php?rest_route=\/wp\/v2\/pages\/227\/revisions"}],"predecessor-version":[{"id":1311,"href":"https:\/\/raeuchermagie.ch\/index.php?rest_route=\/wp\/v2\/pages\/227\/revisions\/1311"}],"wp:attachment":[{"href":"https:\/\/raeuchermagie.ch\/index.php?rest_route=%2Fwp%2Fv2%2Fmedia&parent=227"}],"curies":[{"name":"wp","href":"https:\/\/api.w.org\/{rel}","templated":true}]}}