{"id":609,"date":"2025-04-04T16:45:39","date_gmt":"2025-04-04T14:45:39","guid":{"rendered":"https:\/\/raeuchermagie.ch\/?page_id=609"},"modified":"2025-05-03T08:37:23","modified_gmt":"2025-05-03T06:37:23","slug":"kategorie","status":"publish","type":"page","link":"https:\/\/raeuchermagie.ch\/","title":{"rendered":"Kategorie"},"content":{"rendered":"<p>[et_pb_section fb_built=&#8220;1&#8243; fullwidth=&#8220;on&#8220; _builder_version=&#8220;4.27.4&#8243; _module_preset=&#8220;default&#8220; top_divider_color=&#8220;#000000&#8243; top_divider_height=&#8220;38px&#8220; locked=&#8220;off&#8220; global_colors_info=&#8220;{}&#8220;][et_pb_fullwidth_slider _builder_version=&#8220;4.27.4&#8243; _module_preset=&#8220;default&#8220; header_font=&#8220;&#8211;et_global_heading_font||||||||&#8220; background_color=&#8220;#000000&#8243; background_enable_video_mp4=&#8220;off&#8220; custom_padding=&#8220;130px||130px||true|false&#8220; auto=&#8220;on&#8220; hover_enabled=&#8220;0&#8243; global_colors_info=&#8220;{}&#8220; sticky_enabled=&#8220;0&#8243;][et_pb_slide heading=&#8220;Shop&#8220; use_bg_overlay=&#8220;on&#8220; use_text_overlay=&#8220;off&#8220; _builder_version=&#8220;4.27.4&#8243; _module_preset=&#8220;default&#8220; header_font=&#8220;||||||||&#8220; header_text_color=&#8220;gcid-c31b744c-3105-423f-b62d-1a013e54d708&#8243; header_font_size=&#8220;100px&#8220; body_font=&#8220;||||||||&#8220; body_font_size=&#8220;42px&#8220; body_line_height=&#8220;1.8em&#8220; background_enable_color=&#8220;off&#8220; background_image=&#8220;https:\/\/raeuchermagie.ch\/wp-content\/uploads\/2024\/12\/Bild-4-scaled.jpg&#8220; background_enable_image=&#8220;on&#8220; background_enable_video_mp4=&#8220;off&#8220; custom_button=&#8220;on&#8220; button_text_color=&#8220;gcid-c31b744c-3105-423f-b62d-1a013e54d708&#8243; button_bg_color=&#8220;#000000&#8243; button_border_width=&#8220;2px&#8220; button_border_radius=&#8220;19px&#8220; hover_enabled=&#8220;0&#8243; header_text_shadow_style=&#8220;preset3&#8243; global_colors_info=&#8220;{%22gcid-c31b744c-3105-423f-b62d-1a013e54d708%22:%91%22header_text_color%22,%22button_text_color%22%93}&#8220; sticky_transition=&#8220;on&#8220; sticky_enabled=&#8220;0&#8243;]<\/p>\n<h1>Willkommen bei R\u00e4uchermagie \u2013 Dein Online-Shop f\u00fcr spirituelles R\u00e4uchern<\/h1>\n<p>[\/et_pb_slide][\/et_pb_fullwidth_slider][\/et_pb_section][et_pb_section fb_built=&#8220;1&#8243; _builder_version=&#8220;4.27.4&#8243; _module_preset=&#8220;default&#8220; background_color=&#8220;#000000&#8243; use_background_color_gradient=&#8220;on&#8220; background_color_gradient_direction=&#8220;317deg&#8220; background_color_gradient_stops=&#8220;#0a0000 1%|#d60095 19%|#000000 39%&#8220; global_colors_info=&#8220;{%22gcid-ee5c9a52-c461-41eb-992d-9383cffbfa43%22:%91%22background_color_gradient_stops%22%93}&#8220;][et_pb_row use_custom_gutter=&#8220;on&#8220; gutter_width=&#8220;2&#8243; make_equal=&#8220;on&#8220; _builder_version=&#8220;4.27.4&#8243; _module_preset=&#8220;default&#8220; width=&#8220;90%&#8220; max_width=&#8220;1200px&#8220; custom_margin=&#8220;-1px|auto|-1px|auto|true|false&#8220; global_colors_info=&#8220;{}&#8220;][et_pb_column type=&#8220;4_4&#8243; _builder_version=&#8220;4.27.4&#8243; _module_preset=&#8220;default&#8220; background_color=&#8220;#212121&#8243; custom_padding=&#8220;40px|15px|40px|15px|true|true&#8220; border_radii=&#8220;on|10px|10px|10px|10px&#8220; global_colors_info=&#8220;{}&#8220;][et_pb_heading title=&#8220;Neuigkeiten&#8220; _builder_version=&#8220;4.27.4&#8243; _module_preset=&#8220;default&#8220; global_colors_info=&#8220;{}&#8220;][\/et_pb_heading][et_pb_shop type=&#8220;latest&#8220; posts_number=&#8220;6&#8243; columns_number=&#8220;6&#8243; sale_badge_color=&#8220;gcid-ee5c9a52-c461-41eb-992d-9383cffbfa43&#8243; icon_hover_color=&#8220;#FFFFFF&#8220; hover_overlay_color=&#8220;RGBA(255,255,255,0)&#8220; hover_icon=&#8220;&#x55;||divi||400&#8243; show_rating=&#8220;off&#8220; _builder_version=&#8220;4.27.4&#8243; _module_preset=&#8220;default&#8220; price_text_color=&#8220;#FFFFFF&#8220; price_font_size=&#8220;15px&#8220; sale_badge_font_size=&#8220;23px&#8220; sale_price_text_color=&#8220;#FFFFFF&#8220; global_colors_info=&#8220;{%22gcid-ee5c9a52-c461-41eb-992d-9383cffbfa43%22:%91%22sale_badge_color%22%93}&#8220;][\/et_pb_shop][\/et_pb_column][\/et_pb_row][et_pb_row column_structure=&#8220;1_3,2_3&#8243; use_custom_gutter=&#8220;on&#8220; gutter_width=&#8220;2&#8243; make_equal=&#8220;on&#8220; _builder_version=&#8220;4.27.4&#8243; _module_preset=&#8220;default&#8220; width=&#8220;90%&#8220; max_width=&#8220;1200px&#8220; custom_margin=&#8220;-1px|auto|-1px|auto|true|false&#8220; global_colors_info=&#8220;{}&#8220;][et_pb_column type=&#8220;1_3&#8243; _builder_version=&#8220;4.27.4&#8243; _module_preset=&#8220;default&#8220; background_color=&#8220;#212121&#8243; custom_padding=&#8220;40px|15px|40px|15px|true|true&#8220; border_radii=&#8220;on|10px|10px|10px|10px&#8220; global_colors_info=&#8220;{}&#8220;][et_pb_image src=&#8220;https:\/\/raeuchermagie.ch\/wp-content\/uploads\/2025\/01\/shutterstock_1960883188-scaled.jpg&#8220; title_text=&#8220;Burning,White,Sage,And,Palo,Santo,In,An,Abalone,Sea&#8220; align=&#8220;center&#8220; _builder_version=&#8220;4.27.4&#8243; _module_preset=&#8220;default&#8220; width=&#8220;100%&#8220; max_width=&#8220;100%&#8220; min_height=&#8220;100px&#8220; max_height=&#8220;1000px&#8220; animation_style=&#8220;fade&#8220; global_colors_info=&#8220;{}&#8220;][\/et_pb_image][\/et_pb_column][et_pb_column type=&#8220;2_3&#8243; _builder_version=&#8220;4.27.4&#8243; _module_preset=&#8220;default&#8220; background_color=&#8220;#212121&#8243; custom_padding=&#8220;40px|15px|40px|15px|true|true&#8220; border_radii=&#8220;on|10px|10px|10px|10px&#8220; global_colors_info=&#8220;{}&#8220;][et_pb_text _builder_version=&#8220;4.27.4&#8243; _module_preset=&#8220;default&#8220; text_font=&#8220;||||||||&#8220; text_font_size=&#8220;21px&#8220; text_line_height=&#8220;1.8em&#8220; header_2_font=&#8220;Satisfy||||||||&#8220; header_2_font_size=&#8220;51px&#8220; animation_style=&#8220;fade&#8220; global_colors_info=&#8220;{}&#8220;]<\/p>\n<h1><strong data-start=\"154\" data-end=\"168\">Weisser Salbei<\/strong><\/h1>\n<p>Direkt Import USA Dakota Indianer<\/p>\n<p><strong data-start=\"154\" data-end=\"168\"><\/strong><\/p>\n<p data-start=\"154\" data-end=\"323\"><strong data-start=\"154\" data-end=\"168\">Reinigung:<\/strong> Wei\u00dfer Salbei wird traditionell zur energetischen Reinigung von R\u00e4umen, Gegenst\u00e4nden oder Personen verwendet. Der Rauch soll negative Energien vertreiben.<\/p>\n<p><strong data-start=\"326\" data-end=\"341\">Zeremonien:<\/strong> H\u00e4ufig bei spirituellen oder schamanischen Ritualen eingesetzt, besonders in nordamerikanischen indigenen Traditionen.<\/p>\n<p><strong data-start=\"463\" data-end=\"492\">Meditation &amp; Achtsamkeit:<\/strong> Unterst\u00fctzt durch seinen intensiven, harzigen Duft die Konzentration und das Loslassen.<\/p>\n<p>[\/et_pb_text][\/et_pb_column][\/et_pb_row][et_pb_row column_structure=&#8220;1_6,1_6,1_6,1_6,1_6,1_6&#8243; use_custom_gutter=&#8220;on&#8220; gutter_width=&#8220;2&#8243; make_equal=&#8220;on&#8220; _builder_version=&#8220;4.27.4&#8243; _module_preset=&#8220;default&#8220; width=&#8220;90%&#8220; max_width=&#8220;1200px&#8220; custom_margin=&#8220;-1px|auto|-1px|auto|true|false&#8220; global_colors_info=&#8220;{}&#8220;][et_pb_column type=&#8220;1_6&#8243; _builder_version=&#8220;4.27.4&#8243; _module_preset=&#8220;default&#8220; background_color=&#8220;#212121&#8243; custom_padding=&#8220;40px|15px|40px|15px|true|true&#8220; border_radii=&#8220;on|10px|10px|10px|10px&#8220; global_colors_info=&#8220;{}&#8220;][et_pb_blurb title=&#8220;H\u00f6lzer und Wurzeln&#8220; image=&#8220;https:\/\/raeuchermagie.ch\/wp-content\/uploads\/2025\/04\/Sandelholz-rot-scaled-300&#215;300-1.jpg&#8220; _builder_version=&#8220;4.27.4&#8243; _module_preset=&#8220;default&#8220; header_font=&#8220;|600|||||||&#8220; header_text_align=&#8220;center&#8220; header_font_size=&#8220;25px&#8220; link_option_url=&#8220;https:\/\/raeuchermagie.ch\/?product_cat=hoelzer-und-wurzeln&#8220; border_radii_image=&#8220;on|500px|500px|500px|500px&#8220; border_width_all_image=&#8220;4px&#8220; border_color_all_image=&#8220;#e200ea&#8220; global_colors_info=&#8220;{}&#8220;][\/et_pb_blurb][\/et_pb_column][et_pb_column type=&#8220;1_6&#8243; _builder_version=&#8220;4.27.4&#8243; _module_preset=&#8220;default&#8220; background_color=&#8220;#212121&#8243; custom_padding=&#8220;40px|15px|40px|15px|true|true&#8220; border_radii=&#8220;on|10px|10px|10px|10px&#8220; global_colors_info=&#8220;{}&#8220;][et_pb_blurb title=&#8220;Kr\u00e4uter und Bl\u00fcten&#8220; image=&#8220;https:\/\/raeuchermagie.ch\/wp-content\/uploads\/2025\/04\/Palo-Santo-scaled-300&#215;300-1.jpg&#8220; _builder_version=&#8220;4.27.4&#8243; _module_preset=&#8220;default&#8220; header_font=&#8220;|600|||||||&#8220; header_text_align=&#8220;center&#8220; header_font_size=&#8220;25px&#8220; link_option_url=&#8220;https:\/\/raeuchermagie.ch\/?product_cat=kraeuter-und-blueten&#8220; border_radii_image=&#8220;on|500px|500px|500px|500px&#8220; border_width_all_image=&#8220;4px&#8220; border_color_all_image=&#8220;#e200ea&#8220; locked=&#8220;off&#8220; global_colors_info=&#8220;{}&#8220;][\/et_pb_blurb][\/et_pb_column][et_pb_column type=&#8220;1_6&#8243; _builder_version=&#8220;4.27.4&#8243; _module_preset=&#8220;default&#8220; background_color=&#8220;#212121&#8243; custom_padding=&#8220;40px|15px|40px|15px|true|true&#8220; border_radii=&#8220;on|10px|10px|10px|10px&#8220; global_colors_info=&#8220;{}&#8220;][et_pb_blurb title=&#8220;Mischungen&#8220; image=&#8220;https:\/\/raeuchermagie.ch\/wp-content\/uploads\/2025\/04\/Copal-Trio-scaled-300&#215;300-1.jpg&#8220; _builder_version=&#8220;4.27.4&#8243; _module_preset=&#8220;default&#8220; header_font=&#8220;|600|||||||&#8220; header_text_align=&#8220;center&#8220; header_font_size=&#8220;25px&#8220; link_option_url=&#8220;https:\/\/raeuchermagie.ch\/?product_cat=mischungen&#8220; border_radii_image=&#8220;on|500px|500px|500px|500px&#8220; border_width_all_image=&#8220;4px&#8220; border_color_all_image=&#8220;#e200ea&#8220; global_colors_info=&#8220;{}&#8220;][\/et_pb_blurb][\/et_pb_column][et_pb_column type=&#8220;1_6&#8243; _builder_version=&#8220;4.27.4&#8243; _module_preset=&#8220;default&#8220; background_color=&#8220;#212121&#8243; custom_padding=&#8220;40px|15px|40px|15px|true|true&#8220; border_radii=&#8220;on|10px|10px|10px|10px&#8220; global_colors_info=&#8220;{}&#8220;][et_pb_blurb title=&#8220;Weihrauch&#8220; image=&#8220;https:\/\/raeuchermagie.ch\/wp-content\/uploads\/2025\/04\/Rosenweihrauch-Griechenland-scaled-300&#215;300-1.jpg&#8220; _builder_version=&#8220;4.27.4&#8243; _module_preset=&#8220;default&#8220; header_font=&#8220;|600|||||||&#8220; header_text_align=&#8220;center&#8220; header_font_size=&#8220;25px&#8220; link_option_url=&#8220;https:\/\/raeuchermagie.ch\/?product_cat=weihrauch&#8220; border_radii_image=&#8220;on|500px|500px|500px|500px&#8220; border_width_all_image=&#8220;4px&#8220; border_color_all_image=&#8220;#e200ea&#8220; global_colors_info=&#8220;{}&#8220;][\/et_pb_blurb][\/et_pb_column][et_pb_column type=&#8220;1_6&#8243; _builder_version=&#8220;4.27.4&#8243; _module_preset=&#8220;default&#8220; background_color=&#8220;#212121&#8243; custom_padding=&#8220;40px|15px|40px|15px|true|true&#8220; border_radii=&#8220;on|10px|10px|10px|10px&#8220; global_colors_info=&#8220;{}&#8220;][et_pb_blurb title=&#8220;Harze&#8220; image=&#8220;https:\/\/raeuchermagie.ch\/wp-content\/uploads\/2025\/04\/Copal-Trio-scaled-300&#215;300-1.jpg&#8220; _builder_version=&#8220;4.27.4&#8243; _module_preset=&#8220;default&#8220; header_font=&#8220;|600|||||||&#8220; header_text_align=&#8220;center&#8220; header_font_size=&#8220;25px&#8220; link_option_url=&#8220;https:\/\/raeuchermagie.ch\/?product_cat=harze&#8220; header_text_shadow_style=&#8220;preset2&#8243; border_radii_image=&#8220;on|500px|500px|500px|500px&#8220; border_width_all_image=&#8220;4px&#8220; border_color_all_image=&#8220;#e200ea&#8220; locked=&#8220;off&#8220; global_colors_info=&#8220;{}&#8220;][\/et_pb_blurb][\/et_pb_column][et_pb_column type=&#8220;1_6&#8243; _builder_version=&#8220;4.27.4&#8243; _module_preset=&#8220;default&#8220; background_color=&#8220;#212121&#8243; custom_padding=&#8220;40px|15px|40px|15px|true|true&#8220; border_radii=&#8220;on|10px|10px|10px|10px&#8220; global_colors_info=&#8220;{}&#8220;][et_pb_blurb title=&#8220;Zubeh\u00f6r&#8220; image=&#8220;https:\/\/raeuchermagie.ch\/wp-content\/uploads\/2024\/12\/Bild-8-scaled-e1734730839752.jpg&#8220; _builder_version=&#8220;4.27.4&#8243; _module_preset=&#8220;default&#8220; header_font=&#8220;|600|||||||&#8220; header_text_align=&#8220;center&#8220; header_font_size=&#8220;25px&#8220; border_radii_image=&#8220;on|500px|500px|500px|500px&#8220; border_width_all_image=&#8220;4px&#8220; border_color_all_image=&#8220;#e200ea&#8220; locked=&#8220;off&#8220; global_colors_info=&#8220;{}&#8220;][\/et_pb_blurb][\/et_pb_column][\/et_pb_row][\/et_pb_section]<\/p>\n","protected":false},"excerpt":{"rendered":"<p>Willkommen bei R\u00e4uchermagie \u2013 Dein Online-Shop f\u00fcr spirituelles R\u00e4uchernWeisser Salbei Direkt Import USA Dakota Indianer Reinigung: Wei\u00dfer Salbei wird traditionell zur energetischen Reinigung von R\u00e4umen, Gegenst\u00e4nden oder Personen verwendet. Der Rauch soll negative Energien vertreiben. Zeremonien: H\u00e4ufig bei spirituellen oder schamanischen Ritualen eingesetzt, besonders in nordamerikanischen indigenen Traditionen. Meditation &amp; Achtsamkeit: Unterst\u00fctzt durch seinen intensiven, [&hellip;]<\/p>\n","protected":false},"author":1,"featured_media":0,"parent":0,"menu_order":0,"comment_status":"closed","ping_status":"closed","template":"","meta":{"_et_pb_use_builder":"on","_et_pb_old_content":"","_et_gb_content_width":"","inline_featured_image":false,"footnotes":""},"class_list":["post-609","page","type-page","status-publish","hentry"],"_links":{"self":[{"href":"https:\/\/raeuchermagie.ch\/index.php?rest_route=\/wp\/v2\/pages\/609","targetHints":{"allow":["GET"]}}],"collection":[{"href":"https:\/\/raeuchermagie.ch\/index.php?rest_route=\/wp\/v2\/pages"}],"about":[{"href":"https:\/\/raeuchermagie.ch\/index.php?rest_route=\/wp\/v2\/types\/page"}],"author":[{"embeddable":true,"href":"https:\/\/raeuchermagie.ch\/index.php?rest_route=\/wp\/v2\/users\/1"}],"replies":[{"embeddable":true,"href":"https:\/\/raeuchermagie.ch\/index.php?rest_route=%2Fwp%2Fv2%2Fcomments&post=609"}],"version-history":[{"count":31,"href":"https:\/\/raeuchermagie.ch\/index.php?rest_route=\/wp\/v2\/pages\/609\/revisions"}],"predecessor-version":[{"id":1243,"href":"https:\/\/raeuchermagie.ch\/index.php?rest_route=\/wp\/v2\/pages\/609\/revisions\/1243"}],"wp:attachment":[{"href":"https:\/\/raeuchermagie.ch\/index.php?rest_route=%2Fwp%2Fv2%2Fmedia&parent=609"}],"curies":[{"name":"wp","href":"https:\/\/api.w.org\/{rel}","templated":true}]}}