{"id":7,"date":"2023-01-26T15:07:58","date_gmt":"2023-01-26T14:07:58","guid":{"rendered":"https:\/\/raeuchermagie.ch\/?page_id=7"},"modified":"2025-04-30T15:12:30","modified_gmt":"2025-04-30T13:12:30","slug":"willkommen","status":"publish","type":"page","link":"https:\/\/raeuchermagie.ch\/?page_id=7","title":{"rendered":"Willkommen"},"content":{"rendered":"<p>[et_pb_section fb_built=&#8220;1&#8243; fullwidth=&#8220;on&#8220; _builder_version=&#8220;4.27.4&#8243; _module_preset=&#8220;default&#8220; top_divider_color=&#8220;#000000&#8243; top_divider_height=&#8220;38px&#8220; global_colors_info=&#8220;{}&#8220;][et_pb_fullwidth_slider _builder_version=&#8220;4.27.4&#8243; _module_preset=&#8220;default&#8220; header_font=&#8220;&#8211;et_global_heading_font||||||||&#8220; background_color=&#8220;#000000&#8243; background_enable_video_mp4=&#8220;off&#8220; auto=&#8220;on&#8220; global_colors_info=&#8220;{}&#8220;][et_pb_slide heading=&#8220;Willkommen&#8220; button_link=&#8220;https:\/\/shop.raeuchermagie.ch&#8220; use_bg_overlay=&#8220;on&#8220; use_text_overlay=&#8220;off&#8220; _builder_version=&#8220;4.27.4&#8243; _module_preset=&#8220;default&#8220; header_font=&#8220;||||||||&#8220; header_text_color=&#8220;gcid-c31b744c-3105-423f-b62d-1a013e54d708&#8243; header_font_size=&#8220;100px&#8220; body_font=&#8220;||||||||&#8220; body_font_size=&#8220;42px&#8220; body_line_height=&#8220;1.8em&#8220; background_enable_color=&#8220;off&#8220; background_image=&#8220;https:\/\/raeuchermagie.ch\/wp-content\/uploads\/2024\/12\/Bild-4-scaled.jpg&#8220; background_enable_image=&#8220;on&#8220; background_enable_video_mp4=&#8220;off&#8220; custom_button=&#8220;on&#8220; button_text_color=&#8220;gcid-c31b744c-3105-423f-b62d-1a013e54d708&#8243; button_bg_color=&#8220;#000000&#8243; button_border_width=&#8220;2px&#8220; button_border_radius=&#8220;19px&#8220; header_text_shadow_style=&#8220;preset3&#8243; global_colors_info=&#8220;{%22gcid-c31b744c-3105-423f-b62d-1a013e54d708%22:%91%22header_text_color%22,%22button_text_color%22%93}&#8220; sticky_transition=&#8220;on&#8220;]<\/p>\n<p>Sch\u00f6n, dass Sie uns gefunden haben.<\/p>\n<p>[\/et_pb_slide][et_pb_slide heading=&#8220;Wunder&#8220; use_bg_overlay=&#8220;on&#8220; use_text_overlay=&#8220;off&#8220; _builder_version=&#8220;4.27.2&#8243; _module_preset=&#8220;default&#8220; header_font=&#8220;||||||||&#8220; header_text_color=&#8220;gcid-c31b744c-3105-423f-b62d-1a013e54d708&#8243; header_font_size=&#8220;100px&#8220; body_font=&#8220;||||||||&#8220; body_font_size=&#8220;42px&#8220; body_line_height=&#8220;1.8em&#8220; background_enable_color=&#8220;off&#8220; background_image=&#8220;https:\/\/raeuchermagie.ch\/wp-content\/uploads\/2025\/01\/socortaWeichrauch-scaled.jpg&#8220; background_enable_image=&#8220;on&#8220; background_enable_video_mp4=&#8220;off&#8220; custom_button=&#8220;on&#8220; button_text_color=&#8220;gcid-c31b744c-3105-423f-b62d-1a013e54d708&#8243; button_bg_color=&#8220;#000000&#8243; button_border_width=&#8220;2px&#8220; button_border_radius=&#8220;19px&#8220; header_text_shadow_style=&#8220;preset3&#8243; global_colors_info=&#8220;{%22gcid-c31b744c-3105-423f-b62d-1a013e54d708%22:%91%22header_text_color%22,%22button_text_color%22%93}&#8220; sticky_transition=&#8220;on&#8220;]<\/p>\n<p>Sch\u00f6n, dass Sie uns gefunden haben.<\/p>\n<p>[\/et_pb_slide][\/et_pb_fullwidth_slider][\/et_pb_section][et_pb_section fb_built=&#8220;1&#8243; _builder_version=&#8220;4.27.4&#8243; _module_preset=&#8220;default&#8220; background_color=&#8220;#000000&#8243; use_background_color_gradient=&#8220;on&#8220; background_color_gradient_direction=&#8220;317deg&#8220; background_color_gradient_stops=&#8220;#0a0000 1%|#d60095 19%|#000000 39%&#8220; global_colors_info=&#8220;{%22gcid-ee5c9a52-c461-41eb-992d-9383cffbfa43%22:%91%22background_color_gradient_stops%22%93}&#8220;][et_pb_row column_structure=&#8220;1_3,2_3&#8243; _builder_version=&#8220;4.22.1&#8243; _module_preset=&#8220;default&#8220; global_colors_info=&#8220;{}&#8220;][et_pb_column type=&#8220;1_3&#8243; _builder_version=&#8220;4.22.1&#8243; _module_preset=&#8220;default&#8220; global_colors_info=&#8220;{}&#8220;][et_pb_image src=&#8220;https:\/\/raeuchermagie.ch\/wp-content\/uploads\/2024\/12\/Bild-8-scaled-e1734730839752.jpg&#8220; title_text=&#8220;Bild 8&#8243; _builder_version=&#8220;4.27.2&#8243; _module_preset=&#8220;default&#8220; animation_style=&#8220;fade&#8220; border_radii=&#8220;on|180px|180px|180px|180px&#8220; global_colors_info=&#8220;{}&#8220;][\/et_pb_image][\/et_pb_column][et_pb_column type=&#8220;2_3&#8243; _builder_version=&#8220;4.22.1&#8243; _module_preset=&#8220;default&#8220; global_colors_info=&#8220;{}&#8220;][et_pb_text _builder_version=&#8220;4.27.2&#8243; _module_preset=&#8220;default&#8220; text_font_size=&#8220;26px&#8220; text_line_height=&#8220;1.8em&#8220; header_2_font=&#8220;Satisfy||||||||&#8220; header_2_font_size=&#8220;51px&#8220; animation_style=&#8220;fade&#8220; global_colors_info=&#8220;{}&#8220;]<\/p>\n<h1>R\u00e4ucher Rituale<\/h1>\n<div class=\"group\/conversation-turn relative flex w-full min-w-0 flex-col agent-turn\">\n<div class=\"flex-col gap-1 md:gap-3\">\n<div class=\"flex max-w-full flex-col flex-grow\">\n<div data-message-author-role=\"assistant\" data-message-id=\"245124dd-c5ce-48b6-af61-54f5a4cb4954\" dir=\"auto\" class=\"min-h-[20px] text-message flex w-full flex-col items-end gap-2 whitespace-pre-wrap break-words [.text-message+&amp;]:mt-5 overflow-x-auto\">\n<div class=\"flex w-full flex-col gap-1 empty:hidden first:pt-[3px]\">\n<div class=\"markdown prose w-full break-words dark:prose-invert light\">\n<p>R\u00e4uchermagie nutzt den Duft von Kr\u00e4utern und Harzen, um Energien zu lenken, R\u00e4ume zu reinigen und spirituelle Verbindungen zu st\u00e4rken.\u00a0<\/p>\n<p>&nbsp;<\/p>\n<\/div>\n<\/div>\n<\/div>\n<\/div>\n<\/div>\n<\/div>\n<p>[\/et_pb_text][\/et_pb_column][\/et_pb_row][et_pb_row _builder_version=&#8220;4.26.1&#8243; _module_preset=&#8220;default&#8220; global_colors_info=&#8220;{}&#8220;][et_pb_column type=&#8220;4_4&#8243; _builder_version=&#8220;4.26.1&#8243; _module_preset=&#8220;default&#8220; global_colors_info=&#8220;{}&#8220;][et_pb_divider show_divider=&#8220;off&#8220; _builder_version=&#8220;4.26.1&#8243; _module_preset=&#8220;default&#8220; global_colors_info=&#8220;{%22gcid-ee5c9a52-c461-41eb-992d-9383cffbfa43%22:%91%22color%22%93}&#8220;][\/et_pb_divider][\/et_pb_column][\/et_pb_row][et_pb_row column_structure=&#8220;2_3,1_3&#8243; _builder_version=&#8220;4.22.1&#8243; _module_preset=&#8220;default&#8220; global_colors_info=&#8220;{}&#8220;][et_pb_column type=&#8220;2_3&#8243; _builder_version=&#8220;4.22.1&#8243; _module_preset=&#8220;default&#8220; global_colors_info=&#8220;{}&#8220;][et_pb_text _builder_version=&#8220;4.27.2&#8243; _module_preset=&#8220;default&#8220; text_font_size=&#8220;26px&#8220; text_line_height=&#8220;1.8em&#8220; header_2_font=&#8220;Satisfy||||||||&#8220; header_2_font_size=&#8220;51px&#8220; animation_style=&#8220;fade&#8220; global_colors_info=&#8220;{}&#8220; custom_margin=&#8220;||4px|||&#8220;]<\/p>\n<h1>\u00a0R\u00e4ucher Shop<\/h1>\n<p>Alle unser Mischungen sind eigen Kreationen die wir mit viel Liebe in kleinen Chargen herstellen.<\/p>\n<p>&nbsp;<\/p>\n<p>[\/et_pb_text][\/et_pb_column][et_pb_column type=&#8220;1_3&#8243; _builder_version=&#8220;4.22.1&#8243; _module_preset=&#8220;default&#8220; global_colors_info=&#8220;{}&#8220;][et_pb_image src=&#8220;https:\/\/raeuchermagie.ch\/wp-content\/uploads\/2024\/12\/IMG_0658-scaled.jpg&#8220; title_text=&#8220;IMG_0658&#8243; _builder_version=&#8220;4.27.2&#8243; _module_preset=&#8220;default&#8220; animation_style=&#8220;fade&#8220; border_radii=&#8220;on|180px|180px|180px|180px&#8220; global_colors_info=&#8220;{}&#8220;][\/et_pb_image][\/et_pb_column][\/et_pb_row][\/et_pb_section]<\/p>\n","protected":false},"excerpt":{"rendered":"<p>Sch\u00f6n, dass Sie uns gefunden haben.Sch\u00f6n, dass Sie uns gefunden haben.R\u00e4ucher Rituale R\u00e4uchermagie nutzt den Duft von Kr\u00e4utern und Harzen, um Energien zu lenken, R\u00e4ume zu reinigen und spirituelle Verbindungen zu st\u00e4rken.\u00a0 &nbsp; \u00a0R\u00e4ucher Shop Alle unser Mischungen sind eigen Kreationen die wir mit viel Liebe in kleinen Chargen herstellen. &nbsp;<\/p>\n","protected":false},"author":1,"featured_media":0,"parent":0,"menu_order":0,"comment_status":"closed","ping_status":"closed","template":"","meta":{"_et_pb_use_builder":"on","_et_pb_old_content":"","_et_gb_content_width":"","inline_featured_image":false,"footnotes":""},"class_list":["post-7","page","type-page","status-publish","hentry"],"_links":{"self":[{"href":"https:\/\/raeuchermagie.ch\/index.php?rest_route=\/wp\/v2\/pages\/7","targetHints":{"allow":["GET"]}}],"collection":[{"href":"https:\/\/raeuchermagie.ch\/index.php?rest_route=\/wp\/v2\/pages"}],"about":[{"href":"https:\/\/raeuchermagie.ch\/index.php?rest_route=\/wp\/v2\/types\/page"}],"author":[{"embeddable":true,"href":"https:\/\/raeuchermagie.ch\/index.php?rest_route=\/wp\/v2\/users\/1"}],"replies":[{"embeddable":true,"href":"https:\/\/raeuchermagie.ch\/index.php?rest_route=%2Fwp%2Fv2%2Fcomments&post=7"}],"version-history":[{"count":26,"href":"https:\/\/raeuchermagie.ch\/index.php?rest_route=\/wp\/v2\/pages\/7\/revisions"}],"predecessor-version":[{"id":1142,"href":"https:\/\/raeuchermagie.ch\/index.php?rest_route=\/wp\/v2\/pages\/7\/revisions\/1142"}],"wp:attachment":[{"href":"https:\/\/raeuchermagie.ch\/index.php?rest_route=%2Fwp%2Fv2%2Fmedia&parent=7"}],"curies":[{"name":"wp","href":"https:\/\/api.w.org\/{rel}","templated":true}]}}