{"id":1085,"date":"2025-04-28T15:38:37","date_gmt":"2025-04-28T13:38:37","guid":{"rendered":"https:\/\/raeuchermagie.ch\/?post_type=product&#038;p=1085"},"modified":"2026-01-10T15:35:42","modified_gmt":"2026-01-10T14:35:42","slug":"weihrauch-schwarz-jemen-boswellia-sacra","status":"publish","type":"product","link":"https:\/\/raeuchermagie.ch\/?product=weihrauch-schwarz-jemen-boswellia-sacra","title":{"rendered":"Weihrauch Schwarz Jemen Boswellia Sacra"},"content":{"rendered":"<h3 data-start=\"138\" data-end=\"191\"><em><strong data-start=\"142\" data-end=\"191\">Weihrauch Schwarz Jemen \u2013 Boswellia Sacra\u00a0<\/strong><\/em><\/h3>\n<p data-start=\"193\" data-end=\"467\"><em><strong data-start=\"193\" data-end=\"228\">Weihrauch Schwarz aus dem Jemen<\/strong> geh\u00f6rt zu den kostbarsten und edelsten Harzen der Welt. Gewonnen aus dem Boswellia Sacra Baum, besticht er durch seinen tiefw\u00fcrzigen, intensiven und zugleich feinen Duft, der eine kraftvolle, reinigende und spirituelle Atmosph\u00e4re schafft.<\/em><\/p>\n<p data-start=\"469\" data-end=\"644\"><em>Dieser Weihrauch unterst\u00fctzt die Meditation, f\u00f6rdert die innere Einkehr und sch\u00fctzt vor negativen Energien. Sein intensiver Duft verbindet Erdung mit himmlischer Leichtigkeit.<\/em><\/p>\n<p data-start=\"646\" data-end=\"672\"><em><strong data-start=\"649\" data-end=\"670\">Wirkung &amp; Impulse<\/strong><\/em><\/p>\n<ul data-start=\"673\" data-end=\"854\">\n<li data-start=\"673\" data-end=\"710\">\n<p data-start=\"675\" data-end=\"710\"><em>Reinigt und sch\u00fctzt Raum und Aura<\/em><\/p>\n<\/li>\n<li data-start=\"711\" data-end=\"756\">\n<p data-start=\"713\" data-end=\"756\"><em>F\u00f6rdert spirituelle Praxis und Meditation<\/em><\/p>\n<\/li>\n<li data-start=\"757\" data-end=\"802\">\n<p data-start=\"759\" data-end=\"802\"><em>Unterst\u00fctzt tiefe Entspannung und Einkehr<\/em><\/p>\n<\/li>\n<li data-start=\"803\" data-end=\"854\">\n<p data-start=\"805\" data-end=\"854\"><em>Hilft, negative Energien zu l\u00f6sen und loszulassen<\/em><\/p>\n<\/li>\n<\/ul>\n<p data-start=\"856\" data-end=\"878\"><em><strong data-start=\"860\" data-end=\"876\">Geeignet f\u00fcr<\/strong><\/em><\/p>\n<ul data-start=\"879\" data-end=\"1014\">\n<li data-start=\"879\" data-end=\"911\">\n<p data-start=\"881\" data-end=\"911\"><em>Meditation und Gebetsrituale<\/em><\/p>\n<\/li>\n<li data-start=\"912\" data-end=\"971\">\n<p data-start=\"914\" data-end=\"971\"><em>Energetische Reinigung von Wohnr\u00e4umen und Ritualpl\u00e4tzen<\/em><\/p>\n<\/li>\n<li data-start=\"972\" data-end=\"1014\">\n<p data-start=\"974\" data-end=\"1014\"><em>Schutzrituale und spirituelle Zeremonien<\/em><\/p>\n<\/li>\n<\/ul>\n<p data-start=\"1016\" data-end=\"1276\"><em><strong data-start=\"1019\" data-end=\"1039\">Pers\u00f6nliche Note<\/strong><\/em><br data-start=\"1039\" data-end=\"1042\" \/><em>Ich sch\u00e4tze den schwarzen Weihrauch aus Jemen besonders f\u00fcr seine kraftvolle, zugleich sanfte Wirkung. Sein intensiver Duft begleitet mich bei tiefgehenden Meditationen und Ritualen, in denen ich mich mit dem H\u00f6heren verbinden m\u00f6chte.<\/em><\/p>\n<p data-start=\"1278\" data-end=\"1401\"><em><strong data-start=\"1281\" data-end=\"1290\">Duft:<\/strong> Tiefw\u00fcrzig, balsamisch, rauchig, edel<\/em><br data-start=\"1328\" data-end=\"1331\" \/><em><strong data-start=\"1334\" data-end=\"1346\">Element:<\/strong> Erde &amp; Feuer<\/em><br data-start=\"1359\" data-end=\"1362\" \/><em><strong data-start=\"1364\" data-end=\"1375\">Chakra:<\/strong> Wurzel- und Stirnchakra<\/em><\/p>\n<p data-start=\"1403\" data-end=\"1579\">\n","protected":false},"excerpt":{"rendered":"<p>Weihrauch Schwarz Jemen \u2013 Boswellia Sacra\u00a0 Weihrauch Schwarz aus dem Jemen geh\u00f6rt zu den kostbarsten und edelsten Harzen der Welt. Gewonnen aus dem Boswellia Sacra Baum, besticht er durch seinen tiefw\u00fcrzigen, intensiven und zugleich feinen Duft, der eine kraftvolle, reinigende und spirituelle Atmosph\u00e4re schafft. Dieser Weihrauch unterst\u00fctzt die Meditation, f\u00f6rdert die innere Einkehr und sch\u00fctzt [&hellip;]<\/p>\n","protected":false},"featured_media":1289,"comment_status":"open","ping_status":"closed","template":"","meta":{"_et_pb_use_builder":"","_et_pb_old_content":"","_et_gb_content_width":"","inline_featured_image":false},"product_brand":[],"product_cat":[20],"product_tag":[],"class_list":{"0":"post-1085","1":"product","2":"type-product","3":"status-publish","4":"has-post-thumbnail","6":"product_cat-weihrauch","8":"first","9":"instock","10":"shipping-taxable","11":"purchasable","12":"product-type-simple"},"_links":{"self":[{"href":"https:\/\/raeuchermagie.ch\/index.php?rest_route=\/wp\/v2\/product\/1085","targetHints":{"allow":["GET"]}}],"collection":[{"href":"https:\/\/raeuchermagie.ch\/index.php?rest_route=\/wp\/v2\/product"}],"about":[{"href":"https:\/\/raeuchermagie.ch\/index.php?rest_route=\/wp\/v2\/types\/product"}],"replies":[{"embeddable":true,"href":"https:\/\/raeuchermagie.ch\/index.php?rest_route=%2Fwp%2Fv2%2Fcomments&post=1085"}],"wp:featuredmedia":[{"embeddable":true,"href":"https:\/\/raeuchermagie.ch\/index.php?rest_route=\/wp\/v2\/media\/1289"}],"wp:attachment":[{"href":"https:\/\/raeuchermagie.ch\/index.php?rest_route=%2Fwp%2Fv2%2Fmedia&parent=1085"}],"wp:term":[{"taxonomy":"product_brand","embeddable":true,"href":"https:\/\/raeuchermagie.ch\/index.php?rest_route=%2Fwp%2Fv2%2Fproduct_brand&post=1085"},{"taxonomy":"product_cat","embeddable":true,"href":"https:\/\/raeuchermagie.ch\/index.php?rest_route=%2Fwp%2Fv2%2Fproduct_cat&post=1085"},{"taxonomy":"product_tag","embeddable":true,"href":"https:\/\/raeuchermagie.ch\/index.php?rest_route=%2Fwp%2Fv2%2Fproduct_tag&post=1085"}],"curies":[{"name":"wp","href":"https:\/\/api.w.org\/{rel}","templated":true}]}}