{"id":912,"date":"2025-04-26T08:00:56","date_gmt":"2025-04-26T06:00:56","guid":{"rendered":"https:\/\/raeuchermagie.ch\/?post_type=product&#038;p=912"},"modified":"2026-01-10T14:56:26","modified_gmt":"2026-01-10T13:56:26","slug":"dammar-weiss","status":"publish","type":"product","link":"https:\/\/raeuchermagie.ch\/?product=dammar-weiss","title":{"rendered":"Dammar weiss"},"content":{"rendered":"<h3 data-start=\"140\" data-end=\"197\"><em><strong data-start=\"144\" data-end=\"197\">Dammar Wei\u00df \u2013 Klarheit, Licht &amp; Leichtigkeit\u00a0<\/strong><\/em><\/h3>\n<p data-start=\"199\" data-end=\"413\"><em><strong data-start=\"199\" data-end=\"214\">Dammar Wei\u00df<\/strong> ist ein besonders feines, helles Naturharz mit einem <strong data-start=\"268\" data-end=\"315\">zarten, leicht zitronigen, lichtvollen Duft<\/strong>. Es wirkt stimmungsaufhellend, \u00f6ffnend und kl\u00e4rend \u2013 wie ein Sonnenstrahl, der die Seele ber\u00fchrt.<\/em><\/p>\n<p data-start=\"415\" data-end=\"641\"><em>Es hilft dabei, <strong data-start=\"431\" data-end=\"464\">dunkle Gedanken zu vertreiben<\/strong>, emotionale Schwere loszulassen und den Geist zu erfrischen. Dammar Wei\u00df ist ideal, wenn du innerlich zur Ruhe kommen und dich <strong data-start=\"592\" data-end=\"631\">mit deinem h\u00f6heren Selbst verbinden<\/strong> m\u00f6chtest.<\/em><\/p>\n<p data-start=\"643\" data-end=\"669\"><em><strong data-start=\"646\" data-end=\"667\">Wirkung &amp; Impulse<\/strong><\/em><\/p>\n<ul data-start=\"670\" data-end=\"860\">\n<li data-start=\"670\" data-end=\"693\">\n<p data-start=\"672\" data-end=\"693\"><em>Hellt das Gem\u00fct auf<\/em><\/p>\n<\/li>\n<li data-start=\"694\" data-end=\"725\">\n<p data-start=\"696\" data-end=\"725\"><em>Kl\u00e4rt Gedanken &amp; Atmosph\u00e4re<\/em><\/p>\n<\/li>\n<li data-start=\"726\" data-end=\"766\">\n<p data-start=\"728\" data-end=\"766\"><em>Unterst\u00fctzt Meditation &amp; Lichtarbeit<\/em><\/p>\n<\/li>\n<li data-start=\"767\" data-end=\"810\">\n<p data-start=\"769\" data-end=\"810\"><em>F\u00f6rdert kreative Prozesse &amp; Inspiration<\/em><\/p>\n<\/li>\n<li data-start=\"811\" data-end=\"860\">\n<p data-start=\"813\" data-end=\"860\"><em>\u00d6ffnet f\u00fcr lichtvolle Energie &amp; innere Klarheit<\/em><\/p>\n<\/li>\n<\/ul>\n<p data-start=\"862\" data-end=\"884\"><em><strong data-start=\"866\" data-end=\"882\">Geeignet f\u00fcr<\/strong><\/em><\/p>\n<ul data-start=\"885\" data-end=\"1136\">\n<li data-start=\"885\" data-end=\"922\">\n<p data-start=\"887\" data-end=\"922\"><em>Meditation, Visionsarbeit, Gebete<\/em><\/p>\n<\/li>\n<li data-start=\"923\" data-end=\"977\">\n<p data-start=\"925\" data-end=\"977\"><em>Zur Unterst\u00fctzung bei Traurigkeit oder Melancholie<\/em><\/p>\n<\/li>\n<li data-start=\"978\" data-end=\"1038\">\n<p data-start=\"980\" data-end=\"1038\"><em>In lichtvollen R\u00e4ucherritualen, z.\u202fB. in den Rauhn\u00e4chten<\/em><\/p>\n<\/li>\n<li data-start=\"1039\" data-end=\"1085\">\n<p data-start=\"1041\" data-end=\"1085\"><em>F\u00fcr energetische Raumreinigung &amp; -erhebung<\/em><\/p>\n<\/li>\n<li data-start=\"1086\" data-end=\"1136\">\n<p data-start=\"1088\" data-end=\"1136\"><em>Als Begleiter bei spirituellen \u00d6ffnungsprozessen<\/em><\/p>\n<\/li>\n<\/ul>\n<p data-start=\"1138\" data-end=\"1398\"><em><strong data-start=\"1141\" data-end=\"1161\">Pers\u00f6nliche Note<\/strong><\/em><br data-start=\"1161\" data-end=\"1164\" \/><em>Ich liebe es, Dammar Wei\u00df zu r\u00e4uchern, wenn ich klare Gedanken fassen oder neue Ideen empfangen m\u00f6chte. Es bringt Leichtigkeit ins Herz und verleiht meinem Raum eine sanfte, lichtvolle Schwingung \u2013 fast wie ein Hauch von Engelenergie.<\/em><\/p>\n<p data-start=\"1400\" data-end=\"1513\"><em><strong data-start=\"1403\" data-end=\"1412\">Duft:<\/strong> Zart-zitronig, frisch, lichtvoll<\/em><br data-start=\"1445\" data-end=\"1448\" \/><em><strong data-start=\"1451\" data-end=\"1463\">Element:<\/strong> Luft<\/em><br data-start=\"1468\" data-end=\"1471\" \/><em><strong data-start=\"1473\" data-end=\"1484\">Chakra:<\/strong> Stirnchakra &amp; Kronenchakra<\/em><\/p>\n<p data-start=\"1515\" data-end=\"1656\"><em><strong data-start=\"1518\" data-end=\"1537\">Erh\u00e4ltlich als:<\/strong> Reines Harz oder in lichtvollen Mischungen<\/em><\/p>\n","protected":false},"excerpt":{"rendered":"<p>Dammar Wei\u00df \u2013 Klarheit, Licht &amp; Leichtigkeit\u00a0 Dammar Wei\u00df ist ein besonders feines, helles Naturharz mit einem zarten, leicht zitronigen, lichtvollen Duft. Es wirkt stimmungsaufhellend, \u00f6ffnend und kl\u00e4rend \u2013 wie ein Sonnenstrahl, der die Seele ber\u00fchrt. Es hilft dabei, dunkle Gedanken zu vertreiben, emotionale Schwere loszulassen und den Geist zu erfrischen. Dammar Wei\u00df ist ideal, [&hellip;]<\/p>\n","protected":false},"featured_media":942,"comment_status":"open","ping_status":"closed","template":"","meta":{"_et_pb_use_builder":"","_et_pb_old_content":"","_et_gb_content_width":"","inline_featured_image":false},"product_brand":[],"product_cat":[61],"product_tag":[],"class_list":{"0":"post-912","1":"product","2":"type-product","3":"status-publish","4":"has-post-thumbnail","6":"product_cat-harze","8":"first","9":"instock","10":"shipping-taxable","11":"purchasable","12":"product-type-simple"},"_links":{"self":[{"href":"https:\/\/raeuchermagie.ch\/index.php?rest_route=\/wp\/v2\/product\/912","targetHints":{"allow":["GET"]}}],"collection":[{"href":"https:\/\/raeuchermagie.ch\/index.php?rest_route=\/wp\/v2\/product"}],"about":[{"href":"https:\/\/raeuchermagie.ch\/index.php?rest_route=\/wp\/v2\/types\/product"}],"replies":[{"embeddable":true,"href":"https:\/\/raeuchermagie.ch\/index.php?rest_route=%2Fwp%2Fv2%2Fcomments&post=912"}],"wp:featuredmedia":[{"embeddable":true,"href":"https:\/\/raeuchermagie.ch\/index.php?rest_route=\/wp\/v2\/media\/942"}],"wp:attachment":[{"href":"https:\/\/raeuchermagie.ch\/index.php?rest_route=%2Fwp%2Fv2%2Fmedia&parent=912"}],"wp:term":[{"taxonomy":"product_brand","embeddable":true,"href":"https:\/\/raeuchermagie.ch\/index.php?rest_route=%2Fwp%2Fv2%2Fproduct_brand&post=912"},{"taxonomy":"product_cat","embeddable":true,"href":"https:\/\/raeuchermagie.ch\/index.php?rest_route=%2Fwp%2Fv2%2Fproduct_cat&post=912"},{"taxonomy":"product_tag","embeddable":true,"href":"https:\/\/raeuchermagie.ch\/index.php?rest_route=%2Fwp%2Fv2%2Fproduct_tag&post=912"}],"curies":[{"name":"wp","href":"https:\/\/api.w.org\/{rel}","templated":true}]}}