{"id":915,"date":"2025-04-26T08:00:56","date_gmt":"2025-04-26T06:00:56","guid":{"rendered":"https:\/\/raeuchermagie.ch\/?post_type=product&#038;p=915"},"modified":"2026-01-10T14:58:50","modified_gmt":"2026-01-10T13:58:50","slug":"dark-copal","status":"publish","type":"product","link":"https:\/\/raeuchermagie.ch\/?product=dark-copal","title":{"rendered":"Dark Copal"},"content":{"rendered":"\r\n<h3 data-start=\"154\" data-end=\"216\"><strong data-start=\"158\" data-end=\"216\">D<em>ark Copal \u2013 Tiefe Reinigung &amp; schamanische Kraft\u00a0<\/em><\/strong><\/h3>\r\n<p data-start=\"218\" data-end=\"438\"><em><strong data-start=\"218\" data-end=\"232\">Dark Copal<\/strong>, auch Schwarzer Copal genannt, ist ein tiefdunkles, kraftvolles Harz aus Mittel- und S\u00fcdamerika. Es wird seit Jahrhunderten in <strong data-start=\"360\" data-end=\"427\">schamanischen Ritualen zur Erdung, Transformation und Reinigung<\/strong> verwendet.<\/em><\/p>\r\n<p data-start=\"440\" data-end=\"658\"><em>Sein <strong data-start=\"445\" data-end=\"477\">tiefer, w\u00fcrzig-harziger Duft<\/strong> durchdringt alle Schichten des Bewusstseins und hilft, <strong data-start=\"533\" data-end=\"584\">alte Blockaden und negative Energien aufzul\u00f6sen<\/strong>. Dark Copal f\u00fchrt dich in innere Tiefen \u2013 dort, wo echte Heilung beginnt.<\/em><\/p>\r\n<p data-start=\"660\" data-end=\"686\"><em><strong data-start=\"663\" data-end=\"684\">Wirkung &amp; Impulse<\/strong><\/em><\/p>\r\n<ul data-start=\"687\" data-end=\"884\">\r\n<li data-start=\"687\" data-end=\"719\">\r\n<p data-start=\"689\" data-end=\"719\"><em>Tiefe energetische Reinigung<\/em><\/p>\r\n<\/li>\r\n<li data-start=\"720\" data-end=\"758\">\r\n<p data-start=\"722\" data-end=\"758\"><em>Verbindung zur Erde &amp; zu den Ahnen<\/em><\/p>\r\n<\/li>\r\n<li data-start=\"759\" data-end=\"804\">\r\n<p data-start=\"761\" data-end=\"804\"><em>Unterst\u00fctzt schamanische Reisen &amp; Rituale<\/em><\/p>\r\n<\/li>\r\n<li data-start=\"805\" data-end=\"848\">\r\n<p data-start=\"807\" data-end=\"848\"><em>L\u00f6st alte Muster &amp; emotionale Belastung<\/em><\/p>\r\n<\/li>\r\n<li data-start=\"849\" data-end=\"884\">\r\n<p data-start=\"851\" data-end=\"884\"><em>Sch\u00fctzt und kl\u00e4rt das Energiefeld<\/em><\/p>\r\n<\/li>\r\n<\/ul>\r\n<p data-start=\"886\" data-end=\"908\"><em><strong data-start=\"890\" data-end=\"906\">Geeignet f\u00fcr<\/strong><\/em><\/p>\r\n<ul data-start=\"909\" data-end=\"1138\">\r\n<li data-start=\"909\" data-end=\"956\">\r\n<p data-start=\"911\" data-end=\"956\"><em>Schamanische Rituale &amp; Reinigungszeremonien<\/em><\/p>\r\n<\/li>\r\n<li data-start=\"957\" data-end=\"1013\">\r\n<p data-start=\"959\" data-end=\"1013\"><em>Zur Vorbereitung oder Begleitung spiritueller Arbeit<\/em><\/p>\r\n<\/li>\r\n<li data-start=\"1014\" data-end=\"1053\">\r\n<p data-start=\"1016\" data-end=\"1053\"><em>Erdende Meditation &amp; Schattenarbeit<\/em><\/p>\r\n<\/li>\r\n<li data-start=\"1054\" data-end=\"1084\">\r\n<p data-start=\"1056\" data-end=\"1084\"><em>Transformation &amp; Loslassen<\/em><\/p>\r\n<\/li>\r\n<li data-start=\"1085\" data-end=\"1138\">\r\n<p data-start=\"1087\" data-end=\"1138\"><em>Energetische Hausreinigung bei starker Fremdenergie<\/em><\/p>\r\n<\/li>\r\n<\/ul>\r\n<p data-start=\"1140\" data-end=\"1421\"><em><strong data-start=\"1143\" data-end=\"1163\">Pers\u00f6nliche Note<\/strong><\/em><br data-start=\"1163\" data-end=\"1166\" \/><em>Ich nutze Dark Copal besonders gern, wenn ich das Gef\u00fchl habe, dass sich schwere oder fremde Energien in meinen R\u00e4umen festgesetzt haben. Der intensive Duft und die transformierende Kraft dieses Harzes geben mir das Gef\u00fchl von Klarheit, Erdung und Schutz.<\/em><\/p>\r\n<p data-start=\"1423\" data-end=\"1548\"><em><strong data-start=\"1426\" data-end=\"1435\">Duft:<\/strong> Tief, harzig, w\u00fcrzig, leicht ledrig<\/em><br data-start=\"1471\" data-end=\"1474\" \/><em><strong data-start=\"1477\" data-end=\"1489\">Element:<\/strong> Erde &amp; Feuer<\/em>\u00a0 \u00a0 \u00a0 \u00a0 \u00a0 \u00a0 \u00a0 \u00a0 \u00a0 \u00a0 \u00a0 \u00a0 \u00a0 \u00a0 \u00a0 \u00a0 \u00a0 \u00a0 \u00a0 \u00a0 \u00a0 \u00a0 \u00a0 \u00a0 \u00a0 \u00a0 \u00a0 \u00a0 \u00a0 \u00a0 \u00a0 \u00a0 \u00a0 \u00a0 \u00a0 \u00a0 \u00a0 \u00a0 \u00a0 \u00a0 \u00a0 \u00a0 \u00a0 \u00a0 \u00a0 \u00a0 \u00a0 \u00a0 \u00a0 \u00a0 \u00a0 \u00a0 \u00a0 \u00a0 \u00a0 \u00a0 \u00a0 \u00a0 \u00a0 \u00a0 \u00a0 \u00a0 \u00a0 \u00a0 \u00a0 \u00a0 \u00a0 \u00a0 \u00a0 \u00a0 \u00a0 \u00a0 \u00a0 \u00a0 \u00a0 \u00a0 \u00a0 \u00a0 \u00a0 <em><strong data-start=\"1507\" data-end=\"1518\">Chakra:<\/strong> Wurzelchakra &amp; Sakralchakra<\/em><\/p>\r\n<p data-start=\"1550\" data-end=\"1732\"><em><strong data-start=\"1553\" data-end=\"1565\">Hinweis:<\/strong> Dark Copal kann auf Kohle oder auf dem Sieb ger\u00e4uchert werden.<\/em><br data-start=\"1628\" data-end=\"1631\" \/><br \/><\/p>","protected":false},"excerpt":{"rendered":"<p>Dark Copal \u2013 Tiefe Reinigung &amp; schamanische Kraft\u00a0 Dark Copal, auch Schwarzer Copal genannt, ist ein tiefdunkles, kraftvolles Harz aus Mittel- und S\u00fcdamerika. Es wird seit Jahrhunderten in schamanischen Ritualen zur Erdung, Transformation und Reinigung verwendet. Sein tiefer, w\u00fcrzig-harziger Duft durchdringt alle Schichten des Bewusstseins und hilft, alte Blockaden und negative Energien aufzul\u00f6sen. Dark Copal [&hellip;]<\/p>\n","protected":false},"featured_media":949,"comment_status":"open","ping_status":"closed","template":"","meta":{"_et_pb_use_builder":"","_et_pb_old_content":"","_et_gb_content_width":"","inline_featured_image":false},"product_brand":[],"product_cat":[61],"product_tag":[],"class_list":{"0":"post-915","1":"product","2":"type-product","3":"status-publish","4":"has-post-thumbnail","6":"product_cat-harze","8":"first","9":"instock","10":"shipping-taxable","11":"product-type-simple"},"_links":{"self":[{"href":"https:\/\/raeuchermagie.ch\/index.php?rest_route=\/wp\/v2\/product\/915","targetHints":{"allow":["GET"]}}],"collection":[{"href":"https:\/\/raeuchermagie.ch\/index.php?rest_route=\/wp\/v2\/product"}],"about":[{"href":"https:\/\/raeuchermagie.ch\/index.php?rest_route=\/wp\/v2\/types\/product"}],"replies":[{"embeddable":true,"href":"https:\/\/raeuchermagie.ch\/index.php?rest_route=%2Fwp%2Fv2%2Fcomments&post=915"}],"wp:featuredmedia":[{"embeddable":true,"href":"https:\/\/raeuchermagie.ch\/index.php?rest_route=\/wp\/v2\/media\/949"}],"wp:attachment":[{"href":"https:\/\/raeuchermagie.ch\/index.php?rest_route=%2Fwp%2Fv2%2Fmedia&parent=915"}],"wp:term":[{"taxonomy":"product_brand","embeddable":true,"href":"https:\/\/raeuchermagie.ch\/index.php?rest_route=%2Fwp%2Fv2%2Fproduct_brand&post=915"},{"taxonomy":"product_cat","embeddable":true,"href":"https:\/\/raeuchermagie.ch\/index.php?rest_route=%2Fwp%2Fv2%2Fproduct_cat&post=915"},{"taxonomy":"product_tag","embeddable":true,"href":"https:\/\/raeuchermagie.ch\/index.php?rest_route=%2Fwp%2Fv2%2Fproduct_tag&post=915"}],"curies":[{"name":"wp","href":"https:\/\/api.w.org\/{rel}","templated":true}]}}