{"id":920,"date":"2025-04-26T08:00:56","date_gmt":"2025-04-26T06:00:56","guid":{"rendered":"https:\/\/raeuchermagie.ch\/?post_type=product&#038;p=920"},"modified":"2025-07-04T12:37:35","modified_gmt":"2025-07-04T10:37:35","slug":"zedernholz","status":"publish","type":"product","link":"https:\/\/raeuchermagie.ch\/?product=zedernholz","title":{"rendered":"Zedernholz"},"content":{"rendered":"\r\n<h3 data-start=\"111\" data-end=\"156\"><em><strong data-start=\"115\" data-end=\"156\">Zedernholz \u2013 Schutz, Kraft und Erdung<\/strong><\/em><\/h3>\r\n<p data-start=\"158\" data-end=\"512\"><em>Zedernholz ist seit jeher ein kraftvolles R\u00e4ucherwerk zur <strong data-start=\"216\" data-end=\"254\">St\u00e4rkung, Reinigung und zum Schutz<\/strong>. Es verstr\u00f6mt einen <strong data-start=\"275\" data-end=\"314\">warm-holzigen, leicht w\u00fcrzigen Duft<\/strong>, der Geborgenheit schenkt und tief mit der Erde verbindet. In vielen Kulturen gilt die Zeder als heiliger Baum, der uns dabei unterst\u00fctzt, bei uns selbst anzukommen und innere Stabilit\u00e4t zu finden.<\/em><\/p>\r\n<p data-start=\"514\" data-end=\"531\"><em>\ud83c\udf3f <strong data-start=\"517\" data-end=\"529\">Wirkung:<\/strong><\/em><\/p>\r\n<ul data-start=\"532\" data-end=\"677\">\r\n<li data-start=\"532\" data-end=\"557\">\r\n<p data-start=\"534\" data-end=\"557\"><em>Sch\u00fctzend und kl\u00e4rend<\/em><\/p>\r\n<\/li>\r\n<li data-start=\"558\" data-end=\"581\">\r\n<p data-start=\"560\" data-end=\"581\"><em>Erdend und st\u00e4rkend<\/em><\/p>\r\n<\/li>\r\n<li data-start=\"582\" data-end=\"624\">\r\n<p data-start=\"584\" data-end=\"624\"><em>F\u00f6rdert Selbstvertrauen und Stabilit\u00e4t<\/em><\/p>\r\n<\/li>\r\n<li data-start=\"625\" data-end=\"677\">\r\n<p data-start=\"627\" data-end=\"677\"><em>Unterst\u00fctzt bei Abgrenzung und innerer Zentrierung<\/em><\/p>\r\n<\/li>\r\n<\/ul>\r\n<p data-start=\"679\" data-end=\"702\"><em>\ud83d\udd6f\ufe0f <strong data-start=\"683\" data-end=\"700\">Geeignet f\u00fcr:<\/strong><\/em><\/p>\r\n<ul data-start=\"703\" data-end=\"864\">\r\n<li data-start=\"703\" data-end=\"736\">\r\n<p data-start=\"705\" data-end=\"736\"><em>Schutz- und Reinigungsrituale<\/em><\/p>\r\n<\/li>\r\n<li data-start=\"737\" data-end=\"769\">\r\n<p data-start=\"739\" data-end=\"769\"><em>Erdungsarbeit und Meditation<\/em><\/p>\r\n<\/li>\r\n<li data-start=\"770\" data-end=\"818\">\r\n<p data-start=\"772\" data-end=\"818\"><em>Nach belastenden Gespr\u00e4chen oder Erlebnissen<\/em><\/p>\r\n<\/li>\r\n<li data-start=\"819\" data-end=\"864\">\r\n<p data-start=\"821\" data-end=\"864\"><em>Um R\u00e4ume mit W\u00e4rme und Klarheit zu erf\u00fcllen<\/em><\/p>\r\n<\/li>\r\n<\/ul>\r\n<p data-start=\"866\" data-end=\"1126\"><em>\ud83d\udcac <strong data-start=\"869\" data-end=\"884\">Pers\u00f6nlich:<\/strong><\/em><br data-start=\"884\" data-end=\"887\" \/><em>Ich verwende Zedernholz gerne, wenn ich mich nach Schutz, Klarheit und Stabilit\u00e4t sehne \u2013 etwa nach intensiven Begegnungen oder an Tagen, an denen mir alles zu viel wird. Es bringt mich zur\u00fcck zu mir, schenkt Kraft und Raum zum Durchatmen.<\/em><\/p>\r\n<p data-start=\"1128\" data-end=\"1193\"><em>\ud83e\udeb5 <strong data-start=\"1131\" data-end=\"1146\">Duftprofil:<\/strong> Warm, trocken-holzig, leicht w\u00fcrzig und harzig<\/em><\/p>\r\n<p><em><\/em><\/p>\r\n<h3 style=\"text-align: center;\"><em>\u00a0<\/em><\/h3>","protected":false},"excerpt":{"rendered":"<p>Zedernholz \u2013 Schutz, Kraft und Erdung Zedernholz ist seit jeher ein kraftvolles R\u00e4ucherwerk zur St\u00e4rkung, Reinigung und zum Schutz. Es verstr\u00f6mt einen warm-holzigen, leicht w\u00fcrzigen Duft, der Geborgenheit schenkt und tief mit der Erde verbindet. In vielen Kulturen gilt die Zeder als heiliger Baum, der uns dabei unterst\u00fctzt, bei uns selbst anzukommen und innere Stabilit\u00e4t [&hellip;]<\/p>\n","protected":false},"featured_media":958,"comment_status":"open","ping_status":"closed","template":"","meta":{"_et_pb_use_builder":"","_et_pb_old_content":"","_et_gb_content_width":"","inline_featured_image":false},"product_brand":[],"product_cat":[21],"product_tag":[],"class_list":{"0":"post-920","1":"product","2":"type-product","3":"status-publish","4":"has-post-thumbnail","6":"product_cat-hoelzer-und-wurzeln","8":"first","9":"instock","10":"shipping-taxable","11":"purchasable","12":"product-type-simple"},"_links":{"self":[{"href":"https:\/\/raeuchermagie.ch\/index.php?rest_route=\/wp\/v2\/product\/920","targetHints":{"allow":["GET"]}}],"collection":[{"href":"https:\/\/raeuchermagie.ch\/index.php?rest_route=\/wp\/v2\/product"}],"about":[{"href":"https:\/\/raeuchermagie.ch\/index.php?rest_route=\/wp\/v2\/types\/product"}],"replies":[{"embeddable":true,"href":"https:\/\/raeuchermagie.ch\/index.php?rest_route=%2Fwp%2Fv2%2Fcomments&post=920"}],"wp:featuredmedia":[{"embeddable":true,"href":"https:\/\/raeuchermagie.ch\/index.php?rest_route=\/wp\/v2\/media\/958"}],"wp:attachment":[{"href":"https:\/\/raeuchermagie.ch\/index.php?rest_route=%2Fwp%2Fv2%2Fmedia&parent=920"}],"wp:term":[{"taxonomy":"product_brand","embeddable":true,"href":"https:\/\/raeuchermagie.ch\/index.php?rest_route=%2Fwp%2Fv2%2Fproduct_brand&post=920"},{"taxonomy":"product_cat","embeddable":true,"href":"https:\/\/raeuchermagie.ch\/index.php?rest_route=%2Fwp%2Fv2%2Fproduct_cat&post=920"},{"taxonomy":"product_tag","embeddable":true,"href":"https:\/\/raeuchermagie.ch\/index.php?rest_route=%2Fwp%2Fv2%2Fproduct_tag&post=920"}],"curies":[{"name":"wp","href":"https:\/\/api.w.org\/{rel}","templated":true}]}}