{"id":924,"date":"2025-04-26T08:00:56","date_gmt":"2025-04-26T06:00:56","guid":{"rendered":"https:\/\/raeuchermagie.ch\/?post_type=product&#038;p=924"},"modified":"2025-08-28T19:13:05","modified_gmt":"2025-08-28T17:13:05","slug":"reinigungsmischung","status":"publish","type":"product","link":"https:\/\/raeuchermagie.ch\/?product=reinigungsmischung","title":{"rendered":"Reinigungsmischung"},"content":{"rendered":"<h3 data-start=\"225\" data-end=\"305\"><em><strong data-start=\"229\" data-end=\"305\">Reinigungsmischung \u2013 Kl\u00e4rung &amp; energetischer Schutz f\u00fcr dein Zuhause\u00a0<\/strong><\/em><\/h3>\n<p data-start=\"307\" data-end=\"571\"><em>Diese kraftvolle <strong data-start=\"324\" data-end=\"346\">Reinigungsmischung<\/strong> wurde entwickelt, um Wohnr\u00e4ume, H\u00e4user, St\u00e4lle und Energiefelder tiefgehend zu reinigen und zu kl\u00e4ren. Sie entfernt belastende Energien, schafft eine klare Atmosph\u00e4re und sch\u00fctzt dich und dein Umfeld auf energetischer Ebene.<\/em><\/p>\n<p data-start=\"573\" data-end=\"737\"><em>Ob nach einem Streit, einem anstrengenden Besuch oder einfach zur regelm\u00e4\u00dfigen energetischen Hauspflege \u2013 diese Mischung wirkt <strong data-start=\"700\" data-end=\"736\">kl\u00e4rend, befreiend und sch\u00fctzend<\/strong>.<\/em><\/p>\n<p data-start=\"739\" data-end=\"766\"><em><strong data-start=\"743\" data-end=\"764\">Wirkung &amp; Impulse<\/strong><\/em><\/p>\n<ul data-start=\"767\" data-end=\"1032\">\n<li data-start=\"767\" data-end=\"827\">\n<p data-start=\"769\" data-end=\"827\"><em>Reinigt R\u00e4ume, H\u00e4user und H\u00f6fe von negativen Energien\u00a0<\/em><\/p>\n<\/li>\n<li data-start=\"828\" data-end=\"902\">\n<p data-start=\"830\" data-end=\"902\"><em>Kl\u00e4rt die Atmosph\u00e4re nach Konflikten oder unangenehmen Begegnungen\u00a0<\/em><\/p>\n<\/li>\n<li data-start=\"903\" data-end=\"971\">\n<p data-start=\"905\" data-end=\"971\"><em>Befreit von Fremdenergien &amp; st\u00e4rkt den eigenen Energiek\u00f6rper\u00a0<\/em><\/p>\n<\/li>\n<li data-start=\"972\" data-end=\"1032\">\n<p data-start=\"974\" data-end=\"1032\"><em>Unterst\u00fctzt energetische Hausreinigung und Schutzrituale<\/em><\/p>\n<\/li>\n<\/ul>\n<p data-start=\"1034\" data-end=\"1055\"><em><strong data-start=\"1037\" data-end=\"1053\">Geeignet f\u00fcr<\/strong><\/em><\/p>\n<ul data-start=\"1056\" data-end=\"1243\">\n<li data-start=\"1056\" data-end=\"1088\">\n<p data-start=\"1058\" data-end=\"1088\"><em>Haus- und Wohnungsr\u00e4ucherung<\/em><\/p>\n<\/li>\n<li data-start=\"1089\" data-end=\"1145\">\n<p data-start=\"1091\" data-end=\"1145\"><em>St\u00e4lle und Tiere (H\u00fchner, Hasen, K\u00fche, Pferde, Esel)<\/em><\/p>\n<\/li>\n<li data-start=\"1146\" data-end=\"1180\">\n<p data-start=\"1148\" data-end=\"1180\"><em>Reinigungsrituale &amp; Zeremonien<\/em><\/p>\n<\/li>\n<li data-start=\"1181\" data-end=\"1243\">\n<p data-start=\"1183\" data-end=\"1243\"><em>Zur Kl\u00e4rung und Reinigung deines Licht- und Energiek\u00f6rpers<\/em><\/p>\n<\/li>\n<\/ul>\n<p data-start=\"1245\" data-end=\"1695\"><em><strong data-start=\"1248\" data-end=\"1274\">Pers\u00f6nliche Empfehlung<\/strong><\/em><br data-start=\"1274\" data-end=\"1277\" \/><em>Ich verwende diese Mischung w\u00f6chentlich nach dem Hausputz, um meine R\u00e4ume nicht nur physisch, sondern auch energetisch zu reinigen. Es f\u00fchlt sich jedes Mal wie ein frischer Neuanfang an.<\/em><br data-start=\"1463\" data-end=\"1466\" \/><em>Besonders nach Streitgespr\u00e4chen, unangenehmen Besuchen oder intensiven Tagen mit viel Trubel reinigt diese Mischung sp\u00fcrbar die Atmosph\u00e4re.<\/em><br data-start=\"1605\" data-end=\"1608\" \/><em>Sie l\u00e4sst alles los, was nicht (mehr) zu mir geh\u00f6rt \u2013 kraftvoll, kl\u00e4rend und wohltuend.<\/em><\/p>\n<p data-start=\"1697\" data-end=\"1790\"><em>\ud83c\udf3f <strong data-start=\"1700\" data-end=\"1711\">Inhalt:<\/strong><\/em><br data-start=\"1711\" data-end=\"1714\" \/><em>Eisenkraut, Damiana, Beifu\u00df, Wei\u00dfer Salbei, Drachenblut, Zedernholz, Salharz<\/em><\/p>\n<hr data-start=\"1884\" data-end=\"1887\" \/>\n<p><em>\u00a0<\/em><\/p>\n<p>&nbsp;<\/p>\n<h3 style=\"text-align: center;\"><em>\u00a0<\/em><\/h3>\n","protected":false},"excerpt":{"rendered":"<p><em>Verschiedene Kr\u00e4uter und Harze reinigen und sch\u00fctzen Ihr Haus vor Negativ Energien. F\u00fcr eine sch\u00f6ne ausgeglichene Raumatmosph\u00e4re. Kl\u00e4rend f\u00fcr alle Wohnr\u00e4ume, Reinigend und sch\u00fctzend f\u00fcr Haus und Hof.<\/em><\/p>\n","protected":false},"featured_media":961,"comment_status":"open","ping_status":"closed","template":"","meta":{"_et_pb_use_builder":"","_et_pb_old_content":"","_et_gb_content_width":"","inline_featured_image":false},"product_brand":[],"product_cat":[22],"product_tag":[37,38,59,39,60],"class_list":{"0":"post-924","1":"product","2":"type-product","3":"status-publish","4":"has-post-thumbnail","6":"product_cat-mischungen","7":"product_tag-harmonisieren","8":"product_tag-reinigen","9":"product_tag-reinigend","10":"product_tag-schuetzen","11":"product_tag-schuetzend","13":"first","14":"instock","15":"shipping-taxable","16":"purchasable","17":"product-type-simple"},"_links":{"self":[{"href":"https:\/\/raeuchermagie.ch\/index.php?rest_route=\/wp\/v2\/product\/924","targetHints":{"allow":["GET"]}}],"collection":[{"href":"https:\/\/raeuchermagie.ch\/index.php?rest_route=\/wp\/v2\/product"}],"about":[{"href":"https:\/\/raeuchermagie.ch\/index.php?rest_route=\/wp\/v2\/types\/product"}],"replies":[{"embeddable":true,"href":"https:\/\/raeuchermagie.ch\/index.php?rest_route=%2Fwp%2Fv2%2Fcomments&post=924"}],"wp:featuredmedia":[{"embeddable":true,"href":"https:\/\/raeuchermagie.ch\/index.php?rest_route=\/wp\/v2\/media\/961"}],"wp:attachment":[{"href":"https:\/\/raeuchermagie.ch\/index.php?rest_route=%2Fwp%2Fv2%2Fmedia&parent=924"}],"wp:term":[{"taxonomy":"product_brand","embeddable":true,"href":"https:\/\/raeuchermagie.ch\/index.php?rest_route=%2Fwp%2Fv2%2Fproduct_brand&post=924"},{"taxonomy":"product_cat","embeddable":true,"href":"https:\/\/raeuchermagie.ch\/index.php?rest_route=%2Fwp%2Fv2%2Fproduct_cat&post=924"},{"taxonomy":"product_tag","embeddable":true,"href":"https:\/\/raeuchermagie.ch\/index.php?rest_route=%2Fwp%2Fv2%2Fproduct_tag&post=924"}],"curies":[{"name":"wp","href":"https:\/\/api.w.org\/{rel}","templated":true}]}}