{"id":925,"date":"2025-04-26T08:00:56","date_gmt":"2025-04-26T06:00:56","guid":{"rendered":"https:\/\/raeuchermagie.ch\/?post_type=product&#038;p=925"},"modified":"2025-08-28T19:03:41","modified_gmt":"2025-08-28T17:03:41","slug":"3-heilige-koenige","status":"publish","type":"product","link":"https:\/\/raeuchermagie.ch\/?product=3-heilige-koenige","title":{"rendered":"3 heilige K\u00f6nige"},"content":{"rendered":"<h3 data-start=\"212\" data-end=\"289\"><em><strong data-start=\"216\" data-end=\"289\">Die drei heiligen K\u00f6nige \u2013 K\u00f6nigliche Weisheit &amp; hohe Schwingung\u00a0<\/strong><\/em><\/h3>\n<p data-start=\"291\" data-end=\"695\"><em>Diese kraftvolle Mischung aus <strong data-start=\"321\" data-end=\"352\">Weihrauch, Myrrhe und Copal<\/strong> vereint drei der edelsten Harze der Welt \u2013 seit Jahrtausenden gesch\u00e4tzt f\u00fcr ihre reinigende, heilende und spirituell \u00f6ffnende Wirkung.<\/em><br data-start=\"487\" data-end=\"490\" \/><em>Sie tragen eine <strong data-start=\"506\" data-end=\"534\">hohe Schwingungsfrequenz<\/strong> in sich und unterst\u00fctzen dich dabei, in tiefe Bewusstseinsschichten einzutauchen \u2013 sei es bei <strong data-start=\"629\" data-end=\"694\">Meditationen, schamanischen Ritualen oder spirituellen Reisen<\/strong>.<\/em><\/p>\n<p data-start=\"697\" data-end=\"723\"><em><strong data-start=\"700\" data-end=\"721\">Wirkung &amp; Impulse<\/strong><\/em><\/p>\n<ul data-start=\"724\" data-end=\"975\">\n<li data-start=\"724\" data-end=\"774\">\n<p data-start=\"726\" data-end=\"774\"><em>Erh\u00f6ht die Schwingung von K\u00f6rper, Geist &amp; Raum<\/em><\/p>\n<\/li>\n<li data-start=\"775\" data-end=\"832\">\n<p data-start=\"777\" data-end=\"832\"><em>Kl\u00e4rt die Aura und \u00f6ffnet das Herz f\u00fcr h\u00f6here F\u00fchrung<\/em><\/p>\n<\/li>\n<li data-start=\"833\" data-end=\"877\">\n<p data-start=\"835\" data-end=\"877\"><em>St\u00e4rkt die Verbindung zur geistigen Welt<\/em><\/p>\n<\/li>\n<li data-start=\"878\" data-end=\"926\">\n<p data-start=\"880\" data-end=\"926\"><em>Ideal f\u00fcr tiefe Meditationen &amp; innere Reisen<\/em><\/p>\n<\/li>\n<li data-start=\"927\" data-end=\"975\">\n<p data-start=\"929\" data-end=\"975\"><em>F\u00f6rdert Schutz, Erkenntnis und inneren Frieden<\/em><\/p>\n<\/li>\n<\/ul>\n<p data-start=\"977\" data-end=\"999\"><em><strong data-start=\"981\" data-end=\"997\">Geeignet f\u00fcr<\/strong><\/em><\/p>\n<ul data-start=\"1000\" data-end=\"1176\">\n<li data-start=\"1000\" data-end=\"1033\">\n<p data-start=\"1002\" data-end=\"1033\"><em>Schamanische Rituale &amp; Reisen<\/em><\/p>\n<\/li>\n<li data-start=\"1034\" data-end=\"1072\">\n<p data-start=\"1036\" data-end=\"1072\"><em>Meditative Vertiefung &amp; Innenschau<\/em><\/p>\n<\/li>\n<li data-start=\"1073\" data-end=\"1110\">\n<p data-start=\"1075\" data-end=\"1110\"><em>Energetische Reinigung von R\u00e4umen<\/em><\/p>\n<\/li>\n<li data-start=\"1111\" data-end=\"1145\">\n<p data-start=\"1113\" data-end=\"1145\"><em>Segnungen, Gebete &amp; Zeremonien<\/em><\/p>\n<\/li>\n<li data-start=\"1146\" data-end=\"1176\">\n<p data-start=\"1148\" data-end=\"1176\"><em>Raun\u00e4chte &amp; Jahreskreisfeste<\/em><\/p>\n<\/li>\n<\/ul>\n<p data-start=\"1178\" data-end=\"1510\"><em><strong data-start=\"1181\" data-end=\"1201\">Pers\u00f6nliche Note<\/strong><\/em><br data-start=\"1201\" data-end=\"1204\" \/><em>Diese Mischung erinnert an alte Weisheit, an den Zauber heiliger N\u00e4chte und an den tiefen Frieden, der entsteht, wenn man sich mit dem G\u00f6ttlichen verbindet.<\/em><br data-start=\"1360\" data-end=\"1363\" \/><em>Ich verwende sie besonders gern f\u00fcr <strong data-start=\"1399\" data-end=\"1424\">spirituelle \u00dcberg\u00e4nge<\/strong>, zur \u00d6ffnung des inneren Raums und als segnende Begleitung in der dunklen Jahreszeit.<\/em><\/p>\n<p data-start=\"1512\" data-end=\"1551\"><em>\ud83c\udf3f <strong data-start=\"1515\" data-end=\"1526\">Inhalt:<\/strong> Weihrauch, Myrrhe, Copal<\/em><\/p>\n","protected":false},"excerpt":{"rendered":"<p>Die drei heiligen K\u00f6nige \u2013 K\u00f6nigliche Weisheit &amp; hohe Schwingung\u00a0 Diese kraftvolle Mischung aus Weihrauch, Myrrhe und Copal vereint drei der edelsten Harze der Welt \u2013 seit Jahrtausenden gesch\u00e4tzt f\u00fcr ihre reinigende, heilende und spirituell \u00f6ffnende Wirkung.Sie tragen eine hohe Schwingungsfrequenz in sich und unterst\u00fctzen dich dabei, in tiefe Bewusstseinsschichten einzutauchen \u2013 sei es bei [&hellip;]<\/p>\n","protected":false},"featured_media":962,"comment_status":"open","ping_status":"closed","template":"","meta":{"_et_pb_use_builder":"","_et_pb_old_content":"","_et_gb_content_width":"","inline_featured_image":false},"product_brand":[],"product_cat":[22],"product_tag":[],"class_list":{"0":"post-925","1":"product","2":"type-product","3":"status-publish","4":"has-post-thumbnail","6":"product_cat-mischungen","8":"first","9":"instock","10":"shipping-taxable","11":"purchasable","12":"product-type-simple"},"_links":{"self":[{"href":"https:\/\/raeuchermagie.ch\/index.php?rest_route=\/wp\/v2\/product\/925","targetHints":{"allow":["GET"]}}],"collection":[{"href":"https:\/\/raeuchermagie.ch\/index.php?rest_route=\/wp\/v2\/product"}],"about":[{"href":"https:\/\/raeuchermagie.ch\/index.php?rest_route=\/wp\/v2\/types\/product"}],"replies":[{"embeddable":true,"href":"https:\/\/raeuchermagie.ch\/index.php?rest_route=%2Fwp%2Fv2%2Fcomments&post=925"}],"wp:featuredmedia":[{"embeddable":true,"href":"https:\/\/raeuchermagie.ch\/index.php?rest_route=\/wp\/v2\/media\/962"}],"wp:attachment":[{"href":"https:\/\/raeuchermagie.ch\/index.php?rest_route=%2Fwp%2Fv2%2Fmedia&parent=925"}],"wp:term":[{"taxonomy":"product_brand","embeddable":true,"href":"https:\/\/raeuchermagie.ch\/index.php?rest_route=%2Fwp%2Fv2%2Fproduct_brand&post=925"},{"taxonomy":"product_cat","embeddable":true,"href":"https:\/\/raeuchermagie.ch\/index.php?rest_route=%2Fwp%2Fv2%2Fproduct_cat&post=925"},{"taxonomy":"product_tag","embeddable":true,"href":"https:\/\/raeuchermagie.ch\/index.php?rest_route=%2Fwp%2Fv2%2Fproduct_tag&post=925"}],"curies":[{"name":"wp","href":"https:\/\/api.w.org\/{rel}","templated":true}]}}