{"id":927,"date":"2025-04-26T08:00:57","date_gmt":"2025-04-26T06:00:57","guid":{"rendered":"https:\/\/raeuchermagie.ch\/?post_type=product&#038;p=927"},"modified":"2026-01-10T14:54:44","modified_gmt":"2026-01-10T13:54:44","slug":"dammar-braun","status":"publish","type":"product","link":"https:\/\/raeuchermagie.ch\/?product=dammar-braun","title":{"rendered":"Dammar braun"},"content":{"rendered":"<h3 data-start=\"133\" data-end=\"185\"><em><strong data-start=\"137\" data-end=\"185\">Dammar Braun \u2013 Licht im Inneren erkennen\u00a0<\/strong><\/em><\/h3>\n<p data-start=\"187\" data-end=\"416\"><em><strong data-start=\"187\" data-end=\"203\">Dammar Braun<\/strong> ist ein warmes, weiches Harz mit einem leicht s\u00fc\u00dflich-zitronigen, harzigen Duft. Im Gegensatz zu Dammar Wei\u00df wirkt die braune Variante <strong data-start=\"339\" data-end=\"371\">erdender, sanfter und tiefer<\/strong>, mit einer sehr harmonisierenden Komponente.<\/em><\/p>\n<p data-start=\"418\" data-end=\"691\"><em>Dieses nat\u00fcrliche Harz unterst\u00fctzt dich dabei, <strong data-start=\"465\" data-end=\"505\">dich von innerer Schwere zu befreien<\/strong> und wieder mit deinem eigenen inneren Licht in Verbindung zu treten. Es eignet sich hervorragend, um die <strong data-start=\"611\" data-end=\"635\">Stimmung aufzuhellen<\/strong>, den Geist zu kl\u00e4ren und emotionale Balance zu f\u00f6rdern.<\/em><\/p>\n<p data-start=\"693\" data-end=\"719\"><em><strong data-start=\"696\" data-end=\"717\">Wirkung &amp; Impulse<\/strong><\/em><\/p>\n<ul data-start=\"720\" data-end=\"946\">\n<li data-start=\"720\" data-end=\"768\">\n<p data-start=\"722\" data-end=\"768\"><em>Aufhellend &amp; kl\u00e4rend bei emotionaler Schwere<\/em><\/p>\n<\/li>\n<li data-start=\"769\" data-end=\"798\">\n<p data-start=\"771\" data-end=\"798\"><em>Sanft erdend &amp; beruhigend<\/em><\/p>\n<\/li>\n<li data-start=\"799\" data-end=\"845\">\n<p data-start=\"801\" data-end=\"845\"><em>St\u00e4rkt das innere Licht &amp; die Lebensfreude<\/em><\/p>\n<\/li>\n<li data-start=\"846\" data-end=\"895\">\n<p data-start=\"848\" data-end=\"895\"><em>Hilft bei Stimmungsschwankungen &amp; Melancholie<\/em><\/p>\n<\/li>\n<li data-start=\"896\" data-end=\"946\">\n<p data-start=\"898\" data-end=\"946\"><em>Unterst\u00fctzt kreative Prozesse &amp; neue Inspiration<\/em><\/p>\n<\/li>\n<\/ul>\n<p data-start=\"948\" data-end=\"970\"><em><strong data-start=\"952\" data-end=\"968\">Geeignet f\u00fcr<\/strong><\/em><\/p>\n<ul data-start=\"971\" data-end=\"1166\">\n<li data-start=\"971\" data-end=\"1002\">\n<p data-start=\"973\" data-end=\"1002\"><em>Meditation &amp; innere Einkehr<\/em><\/p>\n<\/li>\n<li data-start=\"1003\" data-end=\"1034\">\n<p data-start=\"1005\" data-end=\"1034\"><em>Energiearbeit &amp; Lichtarbeit<\/em><\/p>\n<\/li>\n<li data-start=\"1035\" data-end=\"1081\">\n<p data-start=\"1037\" data-end=\"1081\"><em>R\u00e4ume energetisch reinigen &amp; harmonisieren<\/em><\/p>\n<\/li>\n<li data-start=\"1082\" data-end=\"1126\">\n<p data-start=\"1084\" data-end=\"1126\"><em>Kreativit\u00e4tsrituale, Neubeginn, Aufbruch<\/em><\/p>\n<\/li>\n<li data-start=\"1127\" data-end=\"1166\">\n<p data-start=\"1129\" data-end=\"1166\"><em>Sanftes Abendr\u00e4uchern zur Entspannung<\/em><\/p>\n<\/li>\n<\/ul>\n<p data-start=\"1168\" data-end=\"1440\"><em><strong data-start=\"1171\" data-end=\"1191\">Pers\u00f6nliche Note<\/strong><\/em><br data-start=\"1191\" data-end=\"1194\" \/><em>Dammar Braun begleitet mich gern in Phasen, in denen ich wieder mehr bei mir selbst ankommen m\u00f6chte. Sein Duft wirkt wie ein sanftes Licht, das den Nebel vertreibt und inneren Frieden schenkt \u2013 besonders, wenn die Gedanken zu viel Raum einnehmen.<\/em><\/p>\n<p data-start=\"1442\" data-end=\"1571\"><em><strong data-start=\"1445\" data-end=\"1454\">Duft:<\/strong> Warm, leicht zitronig-harzig, mild und hell<\/em><br data-start=\"1498\" data-end=\"1501\" \/><em><strong data-start=\"1504\" data-end=\"1516\">Element:<\/strong> Luft &amp; Erde<\/em><br data-start=\"1528\" data-end=\"1531\" \/><em><strong data-start=\"1533\" data-end=\"1544\">Chakra:<\/strong> Solarplexus &amp; Herzchakra<\/em><\/p>\n<p data-start=\"1573\" data-end=\"1733\"><em><strong data-start=\"1576\" data-end=\"1595\">Erh\u00e4ltlich als:<\/strong> Reines Harz oder in ausgew\u00e4hlten R\u00e4uchermischungen<\/em><\/p>\n","protected":false},"excerpt":{"rendered":"<p>Dammar Braun \u2013 Licht im Inneren erkennen\u00a0 Dammar Braun ist ein warmes, weiches Harz mit einem leicht s\u00fc\u00dflich-zitronigen, harzigen Duft. Im Gegensatz zu Dammar Wei\u00df wirkt die braune Variante erdender, sanfter und tiefer, mit einer sehr harmonisierenden Komponente. Dieses nat\u00fcrliche Harz unterst\u00fctzt dich dabei, dich von innerer Schwere zu befreien und wieder mit deinem eigenen [&hellip;]<\/p>\n","protected":false},"featured_media":971,"comment_status":"open","ping_status":"closed","template":"","meta":{"_et_pb_use_builder":"","_et_pb_old_content":"","_et_gb_content_width":"","inline_featured_image":false},"product_brand":[],"product_cat":[61],"product_tag":[],"class_list":{"0":"post-927","1":"product","2":"type-product","3":"status-publish","4":"has-post-thumbnail","6":"product_cat-harze","8":"first","9":"instock","10":"shipping-taxable","11":"purchasable","12":"product-type-simple"},"_links":{"self":[{"href":"https:\/\/raeuchermagie.ch\/index.php?rest_route=\/wp\/v2\/product\/927","targetHints":{"allow":["GET"]}}],"collection":[{"href":"https:\/\/raeuchermagie.ch\/index.php?rest_route=\/wp\/v2\/product"}],"about":[{"href":"https:\/\/raeuchermagie.ch\/index.php?rest_route=\/wp\/v2\/types\/product"}],"replies":[{"embeddable":true,"href":"https:\/\/raeuchermagie.ch\/index.php?rest_route=%2Fwp%2Fv2%2Fcomments&post=927"}],"wp:featuredmedia":[{"embeddable":true,"href":"https:\/\/raeuchermagie.ch\/index.php?rest_route=\/wp\/v2\/media\/971"}],"wp:attachment":[{"href":"https:\/\/raeuchermagie.ch\/index.php?rest_route=%2Fwp%2Fv2%2Fmedia&parent=927"}],"wp:term":[{"taxonomy":"product_brand","embeddable":true,"href":"https:\/\/raeuchermagie.ch\/index.php?rest_route=%2Fwp%2Fv2%2Fproduct_brand&post=927"},{"taxonomy":"product_cat","embeddable":true,"href":"https:\/\/raeuchermagie.ch\/index.php?rest_route=%2Fwp%2Fv2%2Fproduct_cat&post=927"},{"taxonomy":"product_tag","embeddable":true,"href":"https:\/\/raeuchermagie.ch\/index.php?rest_route=%2Fwp%2Fv2%2Fproduct_tag&post=927"}],"curies":[{"name":"wp","href":"https:\/\/api.w.org\/{rel}","templated":true}]}}