{"id":928,"date":"2025-04-26T08:00:57","date_gmt":"2025-04-26T06:00:57","guid":{"rendered":"https:\/\/raeuchermagie.ch\/?post_type=product&#038;p=928"},"modified":"2025-08-28T19:09:50","modified_gmt":"2025-08-28T17:09:50","slug":"copal-trio","status":"publish","type":"product","link":"https:\/\/raeuchermagie.ch\/?product=copal-trio","title":{"rendered":"Copal Trio"},"content":{"rendered":"\r\n<h3 data-start=\"184\" data-end=\"251\"><em><strong data-start=\"188\" data-end=\"251\">Copal Trio \u2013 Tiefe Bewusstseinsreisen &amp; hohe Schwingung\u00a0<\/strong><\/em><\/h3>\r\n<p data-start=\"253\" data-end=\"609\"><em><strong data-start=\"253\" data-end=\"267\">Copal Trio<\/strong> ist eine kraftvolle R\u00e4uchermischung aus drei verschiedenen Copalarten \u2013 dunkel, hell und golden.<\/em><br data-start=\"364\" data-end=\"367\" \/><em>Sie tr\u00e4gt eine sehr hohe Schwingungsfrequenz und eignet sich ideal f\u00fcr <strong data-start=\"438\" data-end=\"491\">Meditationen, Rituale, energetische Raumreinigung<\/strong> und schamanische Reisen. Diese Mischung wirkt bewusstseinserweiternd, kl\u00e4rend und \u00f6ffnet Tore zu h\u00f6heren Dimensionen.<\/em><\/p>\r\n<p data-start=\"611\" data-end=\"637\"><em><strong data-start=\"614\" data-end=\"635\">Wirkung &amp; Impulse<\/strong><\/em><\/p>\r\n<ul data-start=\"638\" data-end=\"892\">\r\n<li data-start=\"638\" data-end=\"687\">\r\n<p data-start=\"640\" data-end=\"687\"><em>Erh\u00f6ht die energetische Frequenz eines Raumes<\/em><\/p>\r\n<\/li>\r\n<li data-start=\"688\" data-end=\"742\">\r\n<p data-start=\"690\" data-end=\"742\"><em>Unterst\u00fctzt tiefe Meditation &amp; spirituelle \u00d6ffnung<\/em><\/p>\r\n<\/li>\r\n<li data-start=\"743\" data-end=\"795\">\r\n<p data-start=\"745\" data-end=\"795\"><em>Ideal f\u00fcr Rituale, Zeremonien &amp; Jahreskreisfeste<\/em><\/p>\r\n<\/li>\r\n<li data-start=\"796\" data-end=\"852\">\r\n<p data-start=\"798\" data-end=\"852\"><em>Kl\u00e4rt den Geist und \u00f6ffnet f\u00fcr feinstoffliche Ebenen<\/em><\/p>\r\n<\/li>\r\n<li data-start=\"853\" data-end=\"892\">\r\n<p data-start=\"855\" data-end=\"892\"><em>F\u00f6rdert Innenschau und Transformation<\/em><\/p>\r\n<\/li>\r\n<\/ul>\r\n<p data-start=\"894\" data-end=\"916\"><em><strong data-start=\"898\" data-end=\"914\">Geeignet f\u00fcr<\/strong><\/em><\/p>\r\n<ul data-start=\"917\" data-end=\"1149\">\r\n<li data-start=\"917\" data-end=\"953\">\r\n<p data-start=\"919\" data-end=\"953\"><em>Meditation &amp; schamanische Reisen<\/em><\/p>\r\n<\/li>\r\n<li data-start=\"954\" data-end=\"1027\">\r\n<p data-start=\"956\" data-end=\"1027\"><em>Vorbereitung von Ritualr\u00e4umen (z.\u202fB. Vollmond, Raun\u00e4chte, Heilarbeit)<\/em><\/p>\r\n<\/li>\r\n<li data-start=\"1028\" data-end=\"1079\">\r\n<p data-start=\"1030\" data-end=\"1079\"><em>Spirituelle Abende, Zeremonien, Einzelsitzungen<\/em><\/p>\r\n<\/li>\r\n<li data-start=\"1080\" data-end=\"1149\">\r\n<p data-start=\"1082\" data-end=\"1149\"><em>Reinigung &amp; energetische Ausrichtung in Praxen, Tempeln, Heilr\u00e4umen<\/em><\/p>\r\n<\/li>\r\n<\/ul>\r\n<p data-start=\"1151\" data-end=\"1488\"><em>\ud83d\udcac <strong data-start=\"1154\" data-end=\"1174\">Pers\u00f6nliche Note<\/strong><\/em><br data-start=\"1174\" data-end=\"1177\" \/><em>Ich habe diese Mischung erschaffen, um vor meinen spirituellen Abenden die Energie im Raum deutlich zu erh\u00f6hen.<\/em><br data-start=\"1288\" data-end=\"1291\" \/><em>Die drei Copalarten wirken zusammen wie eine Br\u00fccke \u2013 zwischen den Welten, zwischen K\u00f6rper und Geist. Ich nutze sie besonders gern zu Vollmond, in den Raun\u00e4chten oder vor tiefgehenden Meditationen.<\/em><\/p>\r\n<p data-start=\"1490\" data-end=\"1572\"><em><strong data-start=\"1493\" data-end=\"1504\">Inhalt:<\/strong><\/em><br data-start=\"1504\" data-end=\"1507\" \/><em>Copal Trio \u2013 eine Mischung aus <strong data-start=\"1538\" data-end=\"1569\">drei Copalarten S\u00fcdamerikas<\/strong>:<\/em><\/p>\r\n<ul data-start=\"1573\" data-end=\"1710\">\r\n<li data-start=\"1573\" data-end=\"1611\">\r\n<p data-start=\"1575\" data-end=\"1611\"><em><strong data-start=\"1575\" data-end=\"1589\">Dark Copal<\/strong> \u2013 erdend &amp; mystisch<\/em><\/p>\r\n<\/li>\r\n<li data-start=\"1612\" data-end=\"1663\">\r\n<p data-start=\"1614\" data-end=\"1663\"><em><strong data-start=\"1614\" data-end=\"1637\">Copal Manila (hell)<\/strong> \u2013 reinigend &amp; lichtvoll<\/em><\/p>\r\n<\/li>\r\n<li data-start=\"1664\" data-end=\"1710\">\r\n<p data-start=\"1666\" data-end=\"1710\"><em><strong data-start=\"1666\" data-end=\"1685\">Schwarzer Copal<\/strong> \u2013 tief &amp; transformierend<\/em><\/p>\r\n<\/li>\r\n<\/ul>\r\n<p data-start=\"1712\" data-end=\"1788\">\u00a0<\/p>\r\n<p>&nbsp;<\/p>\r\n<p><em>\r\n\r\n<\/em><\/p>\r\n<p>&nbsp;<\/p>\r\n","protected":false},"excerpt":{"rendered":"<p>Copal Trio \u2013 Tiefe Bewusstseinsreisen &amp; hohe Schwingung\u00a0 Copal Trio ist eine kraftvolle R\u00e4uchermischung aus drei verschiedenen Copalarten \u2013 dunkel, hell und golden.Sie tr\u00e4gt eine sehr hohe Schwingungsfrequenz und eignet sich ideal f\u00fcr Meditationen, Rituale, energetische Raumreinigung und schamanische Reisen. Diese Mischung wirkt bewusstseinserweiternd, kl\u00e4rend und \u00f6ffnet Tore zu h\u00f6heren Dimensionen. Wirkung &amp; Impulse Erh\u00f6ht [&hellip;]<\/p>\n","protected":false},"featured_media":972,"comment_status":"open","ping_status":"closed","template":"","meta":{"_et_pb_use_builder":"","_et_pb_old_content":"","_et_gb_content_width":"","inline_featured_image":false},"product_brand":[],"product_cat":[22],"product_tag":[],"class_list":{"0":"post-928","1":"product","2":"type-product","3":"status-publish","4":"has-post-thumbnail","6":"product_cat-mischungen","8":"first","9":"instock","10":"shipping-taxable","11":"purchasable","12":"product-type-simple"},"_links":{"self":[{"href":"https:\/\/raeuchermagie.ch\/index.php?rest_route=\/wp\/v2\/product\/928","targetHints":{"allow":["GET"]}}],"collection":[{"href":"https:\/\/raeuchermagie.ch\/index.php?rest_route=\/wp\/v2\/product"}],"about":[{"href":"https:\/\/raeuchermagie.ch\/index.php?rest_route=\/wp\/v2\/types\/product"}],"replies":[{"embeddable":true,"href":"https:\/\/raeuchermagie.ch\/index.php?rest_route=%2Fwp%2Fv2%2Fcomments&post=928"}],"wp:featuredmedia":[{"embeddable":true,"href":"https:\/\/raeuchermagie.ch\/index.php?rest_route=\/wp\/v2\/media\/972"}],"wp:attachment":[{"href":"https:\/\/raeuchermagie.ch\/index.php?rest_route=%2Fwp%2Fv2%2Fmedia&parent=928"}],"wp:term":[{"taxonomy":"product_brand","embeddable":true,"href":"https:\/\/raeuchermagie.ch\/index.php?rest_route=%2Fwp%2Fv2%2Fproduct_brand&post=928"},{"taxonomy":"product_cat","embeddable":true,"href":"https:\/\/raeuchermagie.ch\/index.php?rest_route=%2Fwp%2Fv2%2Fproduct_cat&post=928"},{"taxonomy":"product_tag","embeddable":true,"href":"https:\/\/raeuchermagie.ch\/index.php?rest_route=%2Fwp%2Fv2%2Fproduct_tag&post=928"}],"curies":[{"name":"wp","href":"https:\/\/api.w.org\/{rel}","templated":true}]}}