{"id":929,"date":"2025-04-26T08:00:57","date_gmt":"2025-04-26T06:00:57","guid":{"rendered":"https:\/\/raeuchermagie.ch\/?post_type=product&#038;p=929"},"modified":"2025-08-28T19:10:27","modified_gmt":"2025-08-28T17:10:27","slug":"loslassen","status":"publish","type":"product","link":"https:\/\/raeuchermagie.ch\/?product=loslassen","title":{"rendered":"Loslassen"},"content":{"rendered":"\r\n<h3 data-start=\"210\" data-end=\"280\"><strong data-start=\"214\" data-end=\"280\">Loslassen \u2013 R\u00e4uchermischung f\u00fcr Neubeginn &amp; innere Freiheit\u00a0<\/strong><\/h3>\r\n<p data-start=\"282\" data-end=\"618\">Manchmal ist es Zeit, sich von Altem zu l\u00f6sen \u2013 von Gedanken, Mustern oder Emotionen, die uns nicht mehr dienen. <strong data-start=\"395\" data-end=\"408\">Loslassen<\/strong> unterst\u00fctzt dich dabei, Blockaden sanft zu erkennen und Schritt f\u00fcr Schritt hinter dir zu lassen. Diese Mischung begleitet dich auf dem Weg in neue Zeiten \u2013 mit mehr Klarheit, innerer Freiheit und Selbstliebe.<\/p>\r\n<p data-start=\"620\" data-end=\"645\"><strong data-start=\"622\" data-end=\"643\">Wirkung &amp; Impulse<\/strong><\/p>\r\n<ul data-start=\"646\" data-end=\"918\">\r\n<li data-start=\"646\" data-end=\"686\">\r\n<p data-start=\"648\" data-end=\"686\">Befreit von alten Gedankenmustern\u00a0<\/p>\r\n<\/li>\r\n<li data-start=\"687\" data-end=\"747\">\r\n<p data-start=\"689\" data-end=\"747\">Unterst\u00fctzt bei innerer Neuordnung &amp; Selbstreflexion\u00a0<\/p>\r\n<\/li>\r\n<li data-start=\"748\" data-end=\"796\">\r\n<p data-start=\"750\" data-end=\"796\">Hilft beim Durchatmen &amp; sanftem Loslassen\u00a0<\/p>\r\n<\/li>\r\n<li data-start=\"797\" data-end=\"856\">\r\n<p data-start=\"799\" data-end=\"856\">F\u00f6rdert Mut, Selbstliebe und innere Eigenst\u00e4ndigkeit\u00a0<\/p>\r\n<\/li>\r\n<li data-start=\"857\" data-end=\"918\">\r\n<p data-start=\"859\" data-end=\"918\">St\u00e4rkt die Verbindung zum eigenen Weg &amp; inneren Frieden\u00a0<\/p>\r\n<\/li>\r\n<\/ul>\r\n<p data-start=\"920\" data-end=\"943\"><strong data-start=\"923\" data-end=\"941\">Ideal geeignet<\/strong><\/p>\r\n<ul data-start=\"944\" data-end=\"1159\">\r\n<li data-start=\"944\" data-end=\"982\">\r\n<p data-start=\"946\" data-end=\"982\">Zur Meditation und inneren Einkehr<\/p>\r\n<\/li>\r\n<li data-start=\"983\" data-end=\"1034\">\r\n<p data-start=\"985\" data-end=\"1034\">F\u00fcr Zeiten der Neuorientierung oder des Wandels<\/p>\r\n<\/li>\r\n<li data-start=\"1035\" data-end=\"1088\">\r\n<p data-start=\"1037\" data-end=\"1088\">Um dich selbst besser zu verstehen und anzunehmen<\/p>\r\n<\/li>\r\n<li data-start=\"1089\" data-end=\"1159\">\r\n<p data-start=\"1091\" data-end=\"1159\">Wenn du bereit bist, dich von Altem zu befreien und Neues zuzulassen<\/p>\r\n<\/li>\r\n<\/ul>\r\n<p data-start=\"1161\" data-end=\"1621\"><strong data-start=\"1164\" data-end=\"1184\">Pers\u00f6nliche Note<\/strong><br data-start=\"1184\" data-end=\"1187\" \/>Als ich diese Mischung kreiert habe, befand ich mich selbst in einer Phase des Umbruchs. Ich wollte meine Energie nicht l\u00e4nger in Dinge investieren, die mich nicht erf\u00fcllen \u2013 sondern sie auf mich selbst richten.<br data-start=\"1398\" data-end=\"1401\" \/>Diese R\u00e4uchermischung hat mir geholfen, bewusster zu atmen, innezuhalten, und mich zu fragen: <em data-start=\"1495\" data-end=\"1539\">Was will ich \u2013 nur ich \u2013 in diesem Moment?<\/em><br data-start=\"1539\" data-end=\"1542\" \/>Sie hat mich unterst\u00fctzt, Altes loszulassen und meine Kraft neu zu fokussieren.<\/p>\r\n<p data-start=\"1623\" data-end=\"1691\">\ud83c\udf3f <strong data-start=\"1626\" data-end=\"1637\">Inhalt:<\/strong><br data-start=\"1637\" data-end=\"1640\" \/>Wacholderholz, Fichtenharz, Copal, Styrax, Lavendel<\/p>\r\n<p data-start=\"1693\" data-end=\"1782\"><br data-start=\"1730\" data-end=\"1733\" \/><br \/><\/p>\r\n<p>&nbsp;<\/p>\r\n<p>&nbsp;<\/p>\r\n","protected":false},"excerpt":{"rendered":"<p>Diese Mischung hilft etwas Loszulassen, zur\u00fccklassen, so das der Raum f\u00fcr einen Neubeginn frei wird und so Freude ins Leben zur\u00fcck kehren kann. F\u00fcr Positive Energie, wirkt Entspannend und hilft uns unsere mitte zu finden.<\/p>\n","protected":false},"featured_media":973,"comment_status":"open","ping_status":"closed","template":"","meta":{"_et_pb_use_builder":"","_et_pb_old_content":"","_et_gb_content_width":"","inline_featured_image":false},"product_brand":[],"product_cat":[22],"product_tag":[55,56],"class_list":{"0":"post-929","1":"product","2":"type-product","3":"status-publish","4":"has-post-thumbnail","6":"product_cat-mischungen","7":"product_tag-loslassen","8":"product_tag-neuorientierung","10":"first","11":"instock","12":"shipping-taxable","13":"purchasable","14":"product-type-simple"},"_links":{"self":[{"href":"https:\/\/raeuchermagie.ch\/index.php?rest_route=\/wp\/v2\/product\/929","targetHints":{"allow":["GET"]}}],"collection":[{"href":"https:\/\/raeuchermagie.ch\/index.php?rest_route=\/wp\/v2\/product"}],"about":[{"href":"https:\/\/raeuchermagie.ch\/index.php?rest_route=\/wp\/v2\/types\/product"}],"replies":[{"embeddable":true,"href":"https:\/\/raeuchermagie.ch\/index.php?rest_route=%2Fwp%2Fv2%2Fcomments&post=929"}],"wp:featuredmedia":[{"embeddable":true,"href":"https:\/\/raeuchermagie.ch\/index.php?rest_route=\/wp\/v2\/media\/973"}],"wp:attachment":[{"href":"https:\/\/raeuchermagie.ch\/index.php?rest_route=%2Fwp%2Fv2%2Fmedia&parent=929"}],"wp:term":[{"taxonomy":"product_brand","embeddable":true,"href":"https:\/\/raeuchermagie.ch\/index.php?rest_route=%2Fwp%2Fv2%2Fproduct_brand&post=929"},{"taxonomy":"product_cat","embeddable":true,"href":"https:\/\/raeuchermagie.ch\/index.php?rest_route=%2Fwp%2Fv2%2Fproduct_cat&post=929"},{"taxonomy":"product_tag","embeddable":true,"href":"https:\/\/raeuchermagie.ch\/index.php?rest_route=%2Fwp%2Fv2%2Fproduct_tag&post=929"}],"curies":[{"name":"wp","href":"https:\/\/api.w.org\/{rel}","templated":true}]}}