{"id":954,"date":"2025-04-26T08:01:41","date_gmt":"2025-04-26T06:01:41","guid":{"rendered":"https:\/\/raeuchermagie.ch\/?post_type=product&#038;p=954"},"modified":"2025-08-28T19:08:38","modified_gmt":"2025-08-28T17:08:38","slug":"erfolg","status":"publish","type":"product","link":"https:\/\/raeuchermagie.ch\/?product=erfolg","title":{"rendered":"Erfolg"},"content":{"rendered":"<article class=\"text-token-text-primary w-full\" dir=\"auto\" data-testid=\"conversation-turn-28\" data-scroll-anchor=\"true\">\n<div class=\"text-base my-auto mx-auto py-5 [--thread-content-margin:--spacing(4)] @[37rem]:[--thread-content-margin:--spacing(6)] @[72rem]:[--thread-content-margin:--spacing(16)] px-(--thread-content-margin)\">\n<div class=\"[--thread-content-max-width:32rem] @[34rem]:[--thread-content-max-width:40rem] @[64rem]:[--thread-content-max-width:48rem] mx-auto flex max-w-(--thread-content-max-width) flex-1 text-base gap-4 md:gap-5 lg:gap-6 group\/turn-messages focus-visible:outline-hidden\" tabindex=\"-1\">\n<div class=\"group\/conversation-turn relative flex w-full min-w-0 flex-col agent-turn\">\n<div class=\"relative flex-col gap-1 md:gap-3\">\n<div class=\"flex max-w-full flex-col grow\">\n<div class=\"min-h-8 text-message relative flex w-full flex-col items-end gap-2 text-start break-words whitespace-normal [.text-message+&amp;]:mt-5\" dir=\"auto\" data-message-author-role=\"assistant\" data-message-id=\"55a56a32-d01e-4acc-8d31-14f869162e98\" data-message-model-slug=\"gpt-4o\">\n<div class=\"flex w-full flex-col gap-1 empty:hidden first:pt-[3px]\">\n<div class=\"markdown prose dark:prose-invert w-full break-words light\">\n<h3 data-start=\"201\" data-end=\"241\"><em><strong data-start=\"205\" data-end=\"241\">Erfolg \u2013 Ernten, was du s\u00e4st\u00a0<\/strong><\/em><\/h3>\n<p data-start=\"243\" data-end=\"625\"><em><strong data-start=\"243\" data-end=\"253\">Erfolg<\/strong> ist eine kraftvolle R\u00e4uchermischung, inspiriert von einer alten russisch-schamanischen Rezeptur \u2013 modern interpretiert und in die neue Zeit gebracht.<\/em><br data-start=\"403\" data-end=\"406\" \/><em>Sie unterst\u00fctzt dich dabei, <strong data-start=\"434\" data-end=\"476\">F\u00fclle, Erfolg und finanzielle Klarheit<\/strong> in dein Leben zu ziehen. Durch bewusstes R\u00e4uchern kannst du alte Glaubenss\u00e4tze transformieren und deinen inneren Raum f\u00fcr neue M\u00f6glichkeiten \u00f6ffnen.<\/em><\/p>\n<p data-start=\"627\" data-end=\"731\"><em>Diese Mischung l\u00e4dt dich ein, mit neuer Haltung zu s\u00e4en \u2013 und bewusst zu empfangen, was du dir w\u00fcnschst.<\/em><\/p>\n<p data-start=\"733\" data-end=\"759\"><em><strong data-start=\"736\" data-end=\"757\">Wirkung &amp; Impulse<\/strong><\/em><\/p>\n<ul data-start=\"760\" data-end=\"1025\">\n<li data-start=\"760\" data-end=\"820\">\n<p data-start=\"762\" data-end=\"820\"><em>F\u00f6rdert die Manifestation von F\u00fclle &amp; materiellem Erfolg<\/em><\/p>\n<\/li>\n<li data-start=\"821\" data-end=\"878\">\n<p data-start=\"823\" data-end=\"878\"><em>St\u00e4rkt Selbstvertrauen, Willenskraft und Zielklarheit<\/em><\/p>\n<\/li>\n<li data-start=\"879\" data-end=\"917\">\n<p data-start=\"881\" data-end=\"917\"><em>Unterst\u00fctzt Geld- &amp; Erfolgsrituale<\/em><\/p>\n<\/li>\n<li data-start=\"918\" data-end=\"959\">\n<p data-start=\"920\" data-end=\"959\"><em>Hilft, den eigenen \u201eWert\u201c zu erkennen<\/em><\/p>\n<\/li>\n<li data-start=\"960\" data-end=\"1025\">\n<p data-start=\"962\" data-end=\"1025\"><em>Verbindung von spiritueller Weisheit &amp; praktischer Umsetzung\u00a0<\/em><\/p>\n<\/li>\n<\/ul>\n<p data-start=\"1027\" data-end=\"1049\"><em><strong data-start=\"1031\" data-end=\"1047\">Geeignet f\u00fcr<\/strong><\/em><\/p>\n<ul data-start=\"1050\" data-end=\"1272\">\n<li data-start=\"1050\" data-end=\"1096\">\n<p data-start=\"1052\" data-end=\"1096\"><em>Geldzauber, Erfolgs- und Wohlstandsrituale<\/em><\/p>\n<\/li>\n<li data-start=\"1097\" data-end=\"1135\">\n<p data-start=\"1099\" data-end=\"1135\"><em>Kerzenmagie, Meditation, Segnungen<\/em><\/p>\n<\/li>\n<li data-start=\"1136\" data-end=\"1206\">\n<p data-start=\"1138\" data-end=\"1206\"><em>Um ein neues, kraftvolles Geld- &amp; Erfolgsbewusstsein zu entwickeln<\/em><\/p>\n<\/li>\n<li data-start=\"1207\" data-end=\"1272\">\n<p data-start=\"1209\" data-end=\"1272\"><em>F\u00fcr Neuanf\u00e4nge im Beruf oder zur Unterst\u00fctzung eigener Projekte<\/em><\/p>\n<\/li>\n<\/ul>\n<p data-start=\"1274\" data-end=\"1565\"><em><strong data-start=\"1277\" data-end=\"1297\">Pers\u00f6nliche Note<\/strong><\/em><br data-start=\"1297\" data-end=\"1300\" \/><em><strong data-start=\"1300\" data-end=\"1331\">Wie man s\u00e4t, so erntet man.<\/strong><\/em><br data-start=\"1331\" data-end=\"1334\" \/><em>Diese Mischung begleitet mich immer dann, wenn ich bewusst einen neuen Samen setzen will \u2013 sei es beruflich, finanziell oder f\u00fcr meine innere Haltung zum Thema F\u00fclle.<\/em><br data-start=\"1500\" data-end=\"1503\" \/><em>Sie erdet, zentriert \u2013 und \u00f6ffnet den Weg f\u00fcr echte Resultate.<\/em><\/p>\n<p data-start=\"1567\" data-end=\"1630\"><em>\ud83c\udf3f <strong data-start=\"1570\" data-end=\"1581\">Inhalt:<\/strong> Sandelholz, Mistel, Eiche, Weihrauch Indien u.a.<\/em><\/p>\n<p data-start=\"1632\" data-end=\"1708\">\n<\/div>\n<\/div>\n<\/div>\n<\/div>\n<div class=\"mt-3 w-full empty:hidden\">\n<div class=\"text-center\"><\/div>\n<\/div>\n<\/div>\n<div class=\"aria-live=polite absolute\">\n<div class=\"flex items-center justify-center\"><\/div>\n<\/div>\n<\/div>\n<\/div>\n<\/div>\n<\/article>\n<div class=\"pointer-events-none h-px w-px\" aria-hidden=\"true\" data-edge=\"true\"><\/div>\n<p><em>\u00a0<\/em><\/p>\n<p>&nbsp;<\/p>\n","protected":false},"excerpt":{"rendered":"<p>Erfolg \u2013 Ernten, was du s\u00e4st\u00a0 Erfolg ist eine kraftvolle R\u00e4uchermischung, inspiriert von einer alten russisch-schamanischen Rezeptur \u2013 modern interpretiert und in die neue Zeit gebracht.Sie unterst\u00fctzt dich dabei, F\u00fclle, Erfolg und finanzielle Klarheit in dein Leben zu ziehen. Durch bewusstes R\u00e4uchern kannst du alte Glaubenss\u00e4tze transformieren und deinen inneren Raum f\u00fcr neue M\u00f6glichkeiten \u00f6ffnen. [&hellip;]<\/p>\n","protected":false},"featured_media":1294,"comment_status":"open","ping_status":"closed","template":"","meta":{"_et_pb_use_builder":"","_et_pb_old_content":"","_et_gb_content_width":"","inline_featured_image":false},"product_brand":[],"product_cat":[22],"product_tag":[],"class_list":{"0":"post-954","1":"product","2":"type-product","3":"status-publish","4":"has-post-thumbnail","6":"product_cat-mischungen","8":"first","9":"instock","10":"shipping-taxable","11":"purchasable","12":"product-type-simple"},"_links":{"self":[{"href":"https:\/\/raeuchermagie.ch\/index.php?rest_route=\/wp\/v2\/product\/954","targetHints":{"allow":["GET"]}}],"collection":[{"href":"https:\/\/raeuchermagie.ch\/index.php?rest_route=\/wp\/v2\/product"}],"about":[{"href":"https:\/\/raeuchermagie.ch\/index.php?rest_route=\/wp\/v2\/types\/product"}],"replies":[{"embeddable":true,"href":"https:\/\/raeuchermagie.ch\/index.php?rest_route=%2Fwp%2Fv2%2Fcomments&post=954"}],"wp:featuredmedia":[{"embeddable":true,"href":"https:\/\/raeuchermagie.ch\/index.php?rest_route=\/wp\/v2\/media\/1294"}],"wp:attachment":[{"href":"https:\/\/raeuchermagie.ch\/index.php?rest_route=%2Fwp%2Fv2%2Fmedia&parent=954"}],"wp:term":[{"taxonomy":"product_brand","embeddable":true,"href":"https:\/\/raeuchermagie.ch\/index.php?rest_route=%2Fwp%2Fv2%2Fproduct_brand&post=954"},{"taxonomy":"product_cat","embeddable":true,"href":"https:\/\/raeuchermagie.ch\/index.php?rest_route=%2Fwp%2Fv2%2Fproduct_cat&post=954"},{"taxonomy":"product_tag","embeddable":true,"href":"https:\/\/raeuchermagie.ch\/index.php?rest_route=%2Fwp%2Fv2%2Fproduct_tag&post=954"}],"curies":[{"name":"wp","href":"https:\/\/api.w.org\/{rel}","templated":true}]}}