{"id":956,"date":"2025-04-26T08:01:42","date_gmt":"2025-04-26T06:01:42","guid":{"rendered":"https:\/\/raeuchermagie.ch\/?post_type=product&#038;p=956"},"modified":"2025-08-28T19:07:26","modified_gmt":"2025-08-28T17:07:26","slug":"heimat","status":"publish","type":"product","link":"https:\/\/raeuchermagie.ch\/?product=heimat","title":{"rendered":"Heimat"},"content":{"rendered":"<h3 data-start=\"199\" data-end=\"268\"><em><strong data-start=\"203\" data-end=\"268\">Heimat \u2013 Ankommen, Wurzeln schlagen, Geborgenheit sp\u00fcren\u00a0<\/strong><\/em><\/h3>\n<p data-start=\"270\" data-end=\"527\"><em><strong data-start=\"270\" data-end=\"280\">Heimat<\/strong> ist eine R\u00e4uchermischung voller W\u00e4rme, Naturverbundenheit und Geborgenheit. Der waldige, erdige Duft von <strong data-start=\"386\" data-end=\"432\">Wacholderholz, Holunderbl\u00fcten, Fichtenharz<\/strong> und weiteren Pflanzen schenkt dir ein tiefes Gef\u00fchl von <strong data-start=\"489\" data-end=\"526\">Ankommen, Dasein und innerer Ruhe<\/strong>.<\/em><\/p>\n<p data-start=\"529\" data-end=\"667\"><em>Wie ein Spaziergang durch den Wald erinnert dich dieser Duft an vertraute Wege, an das Gef\u00fchl von Zuhause \u2013 in dir selbst und in der Welt.<\/em><\/p>\n<p data-start=\"669\" data-end=\"695\"><em><strong data-start=\"672\" data-end=\"693\">Wirkung &amp; Impulse<\/strong><\/em><\/p>\n<ul data-start=\"696\" data-end=\"940\">\n<li data-start=\"696\" data-end=\"723\">\n<p data-start=\"698\" data-end=\"723\"><em>Erdend &amp; stabilisierend<\/em><\/p>\n<\/li>\n<li data-start=\"724\" data-end=\"764\">\n<p data-start=\"726\" data-end=\"764\"><em>St\u00e4rkt das Gef\u00fchl von \u201eIch bin hier\u201c<\/em><\/p>\n<\/li>\n<li data-start=\"765\" data-end=\"821\">\n<p data-start=\"767\" data-end=\"821\"><em>Hilft bei Heimweh, Rastlosigkeit oder innerer Unruhe<\/em><\/p>\n<\/li>\n<li data-start=\"822\" data-end=\"889\">\n<p data-start=\"824\" data-end=\"889\"><em>Vermittelt ein Gef\u00fchl von Geborgenheit, W\u00e4rme &amp; innerem Zuhause<\/em><\/p>\n<\/li>\n<li data-start=\"890\" data-end=\"940\">\n<p data-start=\"892\" data-end=\"940\"><em>F\u00f6rdert bewusste Pr\u00e4senz &amp; Naturverbundenheit \ud83c\udf33<\/em><\/p>\n<\/li>\n<\/ul>\n<p data-start=\"942\" data-end=\"964\"><em><strong data-start=\"946\" data-end=\"962\">Geeignet f\u00fcr<\/strong><\/em><\/p>\n<ul data-start=\"965\" data-end=\"1218\">\n<li data-start=\"965\" data-end=\"1006\">\n<p data-start=\"967\" data-end=\"1006\"><em>Bei Heimweh oder innerem Fluchtgef\u00fchl<\/em><\/p>\n<\/li>\n<li data-start=\"1007\" data-end=\"1061\">\n<p data-start=\"1009\" data-end=\"1061\"><em>Nach Reisen oder Zeiten der Orientierungslosigkeit<\/em><\/p>\n<\/li>\n<li data-start=\"1062\" data-end=\"1105\">\n<p data-start=\"1064\" data-end=\"1105\"><em>Um wieder in die eigene Mitte zu finden<\/em><\/p>\n<\/li>\n<li data-start=\"1106\" data-end=\"1154\">\n<p data-start=\"1108\" data-end=\"1154\"><em>F\u00fcr Rituale zur Erdung und Selbstverankerung<\/em><\/p>\n<\/li>\n<li data-start=\"1155\" data-end=\"1218\">\n<p data-start=\"1157\" data-end=\"1218\"><em>F\u00fcr Menschen, die sich nach Natur, Heimat &amp; Stabilit\u00e4t sehnen<\/em><\/p>\n<\/li>\n<\/ul>\n<p data-start=\"1220\" data-end=\"1562\"><em><strong data-start=\"1223\" data-end=\"1243\">Pers\u00f6nliche Note<\/strong><\/em><br data-start=\"1243\" data-end=\"1246\" \/><em>Diese Mischung schenkt mir das Gef\u00fchl von Zuhause.<\/em><br data-start=\"1296\" data-end=\"1299\" \/><em>Der waldige, erdige Duft erinnert mich an Spazierg\u00e4nge in der Schweizer Natur \u2013 an feuchte Waldb\u00f6den, klare Luft und das Rascheln der Bl\u00e4tter.<\/em><br data-start=\"1441\" data-end=\"1444\" \/><em><strong data-start=\"1444\" data-end=\"1456\">\u201eHeimat\u201c<\/strong> erdet mich, schenkt mir innere W\u00e4rme, Ruhe und ein bewusstes Gef\u00fchl des Daseins \u2013 ganz im Hier und Jetzt.<\/em><\/p>\n<p data-start=\"1564\" data-end=\"1643\"><em>\ud83c\udf3f <strong data-start=\"1567\" data-end=\"1578\">Inhalt:<\/strong> Wacholderholz, Holunderbl\u00fcten, Wacholdernadeln, Fichtenharz<\/em><\/p>\n","protected":false},"excerpt":{"rendered":"<p><em>Home Feeling, Wohlgef\u00fchl, W\u00e4rme, bekannte D\u00fcfte, <\/em><em>Naturverbundenheit, Wald, g<\/em><em>ibt Boden unter den F\u00fcssen, erdend,<\/em><em>Gef\u00fchl von Ankommen, da sein, Zuhause, i<\/em><em>nnere w\u00e4rme, Ruhe<\/em><\/p>\n","protected":false},"featured_media":982,"comment_status":"open","ping_status":"closed","template":"","meta":{"_et_pb_use_builder":"","_et_pb_old_content":"","_et_gb_content_width":"","inline_featured_image":false},"product_brand":[],"product_cat":[22],"product_tag":[51,50,49],"class_list":{"0":"post-956","1":"product","2":"type-product","3":"status-publish","4":"has-post-thumbnail","6":"product_cat-mischungen","7":"product_tag-heimatgefuehl","8":"product_tag-waerme","9":"product_tag-wohlgefuehl","11":"first","12":"instock","13":"shipping-taxable","14":"purchasable","15":"product-type-simple"},"_links":{"self":[{"href":"https:\/\/raeuchermagie.ch\/index.php?rest_route=\/wp\/v2\/product\/956","targetHints":{"allow":["GET"]}}],"collection":[{"href":"https:\/\/raeuchermagie.ch\/index.php?rest_route=\/wp\/v2\/product"}],"about":[{"href":"https:\/\/raeuchermagie.ch\/index.php?rest_route=\/wp\/v2\/types\/product"}],"replies":[{"embeddable":true,"href":"https:\/\/raeuchermagie.ch\/index.php?rest_route=%2Fwp%2Fv2%2Fcomments&post=956"}],"wp:featuredmedia":[{"embeddable":true,"href":"https:\/\/raeuchermagie.ch\/index.php?rest_route=\/wp\/v2\/media\/982"}],"wp:attachment":[{"href":"https:\/\/raeuchermagie.ch\/index.php?rest_route=%2Fwp%2Fv2%2Fmedia&parent=956"}],"wp:term":[{"taxonomy":"product_brand","embeddable":true,"href":"https:\/\/raeuchermagie.ch\/index.php?rest_route=%2Fwp%2Fv2%2Fproduct_brand&post=956"},{"taxonomy":"product_cat","embeddable":true,"href":"https:\/\/raeuchermagie.ch\/index.php?rest_route=%2Fwp%2Fv2%2Fproduct_cat&post=956"},{"taxonomy":"product_tag","embeddable":true,"href":"https:\/\/raeuchermagie.ch\/index.php?rest_route=%2Fwp%2Fv2%2Fproduct_tag&post=956"}],"curies":[{"name":"wp","href":"https:\/\/api.w.org\/{rel}","templated":true}]}}