{"id":965,"date":"2025-04-26T08:02:04","date_gmt":"2025-04-26T06:02:04","guid":{"rendered":"https:\/\/raeuchermagie.ch\/?post_type=product&#038;p=965"},"modified":"2025-05-04T11:30:10","modified_gmt":"2025-05-04T09:30:10","slug":"weihrauch-oman-boswellia-cateri","status":"publish","type":"product","link":"https:\/\/raeuchermagie.ch\/?product=weihrauch-oman-boswellia-cateri","title":{"rendered":"Weihrauch Oman Boswellia Sacra Premium"},"content":{"rendered":"<h3><em>Weihrauch Oman Boswellia Sacra Premium<\/em><\/h3>\n<p><em>Boswellia sacra, auch bekannt als Weihrauch, hat eine lange und faszinierende Geschichte, die bis in die Antike zur\u00fcckreicht. Urspr\u00fcnglich in Oman und anderen Teilen des Nahen Ostens beheimatet, wurde der Harz dieser Pflanze seit Jahrtausenden f\u00fcr religi\u00f6se und spirituelle Praktiken verwendet.<\/em><\/p>\n<p><em>In vielen Kulturen, insbesondere im alten \u00c4gypten, wurde Weihrauch als heilig angesehen und oft in Tempeln verbrannt, um G\u00f6tter zu ehren und eine Verbindung zur spirituellen Welt herzustellen. Auch im Christentum und im Buddhismus spielt Weihrauch eine bedeutende Rolle in Zeremonien und Ritualen.<\/em><\/p>\n<p><em>Die Ernte des Harzes erfolgt traditionell durch das Anritzen der Baumrinde, wodurch der Saft austritt und aush\u00e4rtet. Diese Methode hat sich \u00fcber Generationen bewahrt und ist ein wichtiger Teil der kulturellen Identit\u00e4t der Menschen in der Region.<\/em><\/p>\n<p><em>Spirituell\u00a0wird\u00a0Boswellia\u00a0sacra\u00a0oft\u00a0mit\u00a0Reinigung,\u00a0Meditation\u00a0und\u00a0der\u00a0F\u00f6rderung\u00a0von\u00a0innerem\u00a0Frieden\u00a0assoziiert.\u00a0Viele\u00a0Menschen\u00a0nutzen\u00a0den\u00a0Duft\u00a0des\u00a0Weihrauchs,\u00a0um\u00a0eine\u00a0Atmosph\u00e4re\u00a0der\u00a0Ruhe\u00a0und\u00a0Besinnung\u00a0zu\u00a0schaffen,\u00a0was\u00a0ihn\u00a0zu\u00a0einem\u00a0gesch\u00e4tzten\u00a0Element\u00a0in\u00a0vielen\u00a0spirituellen\u00a0Praktiken\u00a0macht.<\/em><\/p>\n<p><em>Insgesamt\u00a0ist\u00a0die\u00a0Geschichte\u00a0von\u00a0Boswellia\u00a0sacra\u00a0nicht\u00a0nur\u00a0eine\u00a0botanische,\u00a0sondern\u00a0auch\u00a0eine\u00a0kulturelle\u00a0und\u00a0spirituelle\u00a0Erz\u00e4hlung,\u00a0die\u00a0die\u00a0Verbindung\u00a0zwischen\u00a0Mensch\u00a0und\u00a0Natur\u00a0verdeutlicht.<\/em><\/p>\n","protected":false},"excerpt":{"rendered":"<p>Weihrauch Oman Boswellia Sacra Premium Boswellia sacra, auch bekannt als Weihrauch, hat eine lange und faszinierende Geschichte, die bis in die Antike zur\u00fcckreicht. Urspr\u00fcnglich in Oman und anderen Teilen des Nahen Ostens beheimatet, wurde der Harz dieser Pflanze seit Jahrtausenden f\u00fcr religi\u00f6se und spirituelle Praktiken verwendet. In vielen Kulturen, insbesondere im alten \u00c4gypten, wurde Weihrauch [&hellip;]<\/p>\n","protected":false},"featured_media":984,"comment_status":"open","ping_status":"closed","template":"","meta":{"_et_pb_use_builder":"","_et_pb_old_content":"","_et_gb_content_width":"","inline_featured_image":false},"product_brand":[],"product_cat":[20],"product_tag":[],"class_list":{"0":"post-965","1":"product","2":"type-product","3":"status-publish","4":"has-post-thumbnail","6":"product_cat-weihrauch","8":"first","9":"instock","10":"shipping-taxable","11":"purchasable","12":"product-type-simple"},"_links":{"self":[{"href":"https:\/\/raeuchermagie.ch\/index.php?rest_route=\/wp\/v2\/product\/965","targetHints":{"allow":["GET"]}}],"collection":[{"href":"https:\/\/raeuchermagie.ch\/index.php?rest_route=\/wp\/v2\/product"}],"about":[{"href":"https:\/\/raeuchermagie.ch\/index.php?rest_route=\/wp\/v2\/types\/product"}],"replies":[{"embeddable":true,"href":"https:\/\/raeuchermagie.ch\/index.php?rest_route=%2Fwp%2Fv2%2Fcomments&post=965"}],"wp:featuredmedia":[{"embeddable":true,"href":"https:\/\/raeuchermagie.ch\/index.php?rest_route=\/wp\/v2\/media\/984"}],"wp:attachment":[{"href":"https:\/\/raeuchermagie.ch\/index.php?rest_route=%2Fwp%2Fv2%2Fmedia&parent=965"}],"wp:term":[{"taxonomy":"product_brand","embeddable":true,"href":"https:\/\/raeuchermagie.ch\/index.php?rest_route=%2Fwp%2Fv2%2Fproduct_brand&post=965"},{"taxonomy":"product_cat","embeddable":true,"href":"https:\/\/raeuchermagie.ch\/index.php?rest_route=%2Fwp%2Fv2%2Fproduct_cat&post=965"},{"taxonomy":"product_tag","embeddable":true,"href":"https:\/\/raeuchermagie.ch\/index.php?rest_route=%2Fwp%2Fv2%2Fproduct_tag&post=965"}],"curies":[{"name":"wp","href":"https:\/\/api.w.org\/{rel}","templated":true}]}}