{"id":966,"date":"2025-04-26T08:02:04","date_gmt":"2025-04-26T06:02:04","guid":{"rendered":"https:\/\/raeuchermagie.ch\/?post_type=product&#038;p=966"},"modified":"2025-04-30T14:41:47","modified_gmt":"2025-04-30T12:41:47","slug":"weihrauch-somalia-boswellia-frereana","status":"publish","type":"product","link":"https:\/\/raeuchermagie.ch\/?product=weihrauch-somalia-boswellia-frereana","title":{"rendered":"Weihrauch Somalia \/ Boswellia Frereana"},"content":{"rendered":"<h3><em>Weihrauch Somalia \/ Boswellia Frereana<\/em><\/h3>\n<p><em>Boswellia Frereana, auch bekannt als &#8222;Somalischer Weihrauchbaum&#8220;, hat eine tiefgehende spirituelle Bedeutung in Somalia. Das Harz, das aus diesem Baum gewonnen wird, wird seit Jahrhunderten in religi\u00f6sen Zeremonien und traditionellen Praktiken verwendet. Es gilt als heilig und wird oft verbrannt, um eine Atmosph\u00e4re der Reinheit und des Gebets zu schaffen. Der Duft des Weihrauchs wird als Verbindung zur spirituellen Welt angesehen und f\u00f6rdert Meditation und innere Ruhe.<\/em><\/p>\n<p><em>In der somalischen Kultur spielt Boswellia frereana eine zentrale Rolle in Ritualen und Festen, wo es als Symbol f\u00fcr Heilung und spirituelle Erneuerung gesch\u00e4tzt wird. Der Handel mit diesem kostbaren Harz hat nicht nur zur wirtschaftlichen Stabilit\u00e4t beigetragen, sondern auch den kulturellen Austausch gef\u00f6rdert. Heute bleibt Boswellia frereana ein bedeutendes Element der somalischen Identit\u00e4t, dessen Verwendung in der Aromatherapie und der modernen Spiritualit\u00e4t die zeitlose Verbindung zur Tradition und zur inneren Weisheit der Menschen in Somalia widerspiegelt.<\/em><\/p>\n","protected":false},"excerpt":{"rendered":"<p>Weihrauch Somalia \/ Boswellia Frereana Boswellia Frereana, auch bekannt als &#8222;Somalischer Weihrauchbaum&#8220;, hat eine tiefgehende spirituelle Bedeutung in Somalia. Das Harz, das aus diesem Baum gewonnen wird, wird seit Jahrhunderten in religi\u00f6sen Zeremonien und traditionellen Praktiken verwendet. Es gilt als heilig und wird oft verbrannt, um eine Atmosph\u00e4re der Reinheit und des Gebets zu schaffen. [&hellip;]<\/p>\n","protected":false},"featured_media":985,"comment_status":"open","ping_status":"closed","template":"","meta":{"_et_pb_use_builder":"","_et_pb_old_content":"","_et_gb_content_width":"","inline_featured_image":false},"product_brand":[],"product_cat":[20],"product_tag":[],"class_list":{"0":"post-966","1":"product","2":"type-product","3":"status-publish","4":"has-post-thumbnail","6":"product_cat-weihrauch","8":"first","9":"instock","10":"shipping-taxable","11":"purchasable","12":"product-type-simple"},"_links":{"self":[{"href":"https:\/\/raeuchermagie.ch\/index.php?rest_route=\/wp\/v2\/product\/966","targetHints":{"allow":["GET"]}}],"collection":[{"href":"https:\/\/raeuchermagie.ch\/index.php?rest_route=\/wp\/v2\/product"}],"about":[{"href":"https:\/\/raeuchermagie.ch\/index.php?rest_route=\/wp\/v2\/types\/product"}],"replies":[{"embeddable":true,"href":"https:\/\/raeuchermagie.ch\/index.php?rest_route=%2Fwp%2Fv2%2Fcomments&post=966"}],"wp:featuredmedia":[{"embeddable":true,"href":"https:\/\/raeuchermagie.ch\/index.php?rest_route=\/wp\/v2\/media\/985"}],"wp:attachment":[{"href":"https:\/\/raeuchermagie.ch\/index.php?rest_route=%2Fwp%2Fv2%2Fmedia&parent=966"}],"wp:term":[{"taxonomy":"product_brand","embeddable":true,"href":"https:\/\/raeuchermagie.ch\/index.php?rest_route=%2Fwp%2Fv2%2Fproduct_brand&post=966"},{"taxonomy":"product_cat","embeddable":true,"href":"https:\/\/raeuchermagie.ch\/index.php?rest_route=%2Fwp%2Fv2%2Fproduct_cat&post=966"},{"taxonomy":"product_tag","embeddable":true,"href":"https:\/\/raeuchermagie.ch\/index.php?rest_route=%2Fwp%2Fv2%2Fproduct_tag&post=966"}],"curies":[{"name":"wp","href":"https:\/\/api.w.org\/{rel}","templated":true}]}}