{"id":968,"date":"2025-04-26T08:02:04","date_gmt":"2025-04-26T06:02:04","guid":{"rendered":"https:\/\/raeuchermagie.ch\/?post_type=product&#038;p=968"},"modified":"2025-07-05T14:06:19","modified_gmt":"2025-07-05T12:06:19","slug":"metatron","status":"publish","type":"product","link":"https:\/\/raeuchermagie.ch\/?product=metatron","title":{"rendered":"Metatron"},"content":{"rendered":"<h3 data-start=\"229\" data-end=\"302\"><em><strong data-start=\"233\" data-end=\"302\">Erzengel Metatron \u2013 Klarheit, Lichtkraft &amp; g\u00f6ttliche Ordnung\u00a0<\/strong><\/em><\/h3>\n<p data-start=\"304\" data-end=\"611\"><em><strong data-start=\"304\" data-end=\"325\">Erzengel Metatron<\/strong> gilt als H\u00fcter des g\u00f6ttlichen Plans, der himmlischen Ordnung und als Begleiter auf dem Weg in die Neue Zeit.<\/em><br data-start=\"434\" data-end=\"437\" \/><em>Diese besondere R\u00e4uchermischung verbindet dich mit seiner lichtvollen Pr\u00e4senz, bringt Klarheit in Gedanken und Gef\u00fchle und hilft dir, dich auf das Wesentliche zu fokussieren.<\/em><\/p>\n<p data-start=\"613\" data-end=\"738\"><em>Sie eignet sich wunderbar zur Meditation, f\u00fcr energetische Reinigungen und um dich mit deiner h\u00f6chsten Wahrheit zu verbinden.<\/em><\/p>\n<p data-start=\"740\" data-end=\"766\"><em><strong data-start=\"743\" data-end=\"764\">Wirkung &amp; Impulse<\/strong><\/em><\/p>\n<ul data-start=\"767\" data-end=\"1024\">\n<li data-start=\"767\" data-end=\"834\">\n<p data-start=\"769\" data-end=\"834\"><em>Verbindung zur g\u00f6ttlichen Ordnung und zur eigenen Seelenaufgabe<\/em><\/p>\n<\/li>\n<li data-start=\"835\" data-end=\"876\">\n<p data-start=\"837\" data-end=\"876\"><em>F\u00f6rdert Klarheit, Fokus &amp; Ausrichtung<\/em><\/p>\n<\/li>\n<li data-start=\"877\" data-end=\"928\">\n<p data-start=\"879\" data-end=\"928\"><em>Unterst\u00fctzt Transformation &amp; Bewusstseinsarbeit<\/em><\/p>\n<\/li>\n<li data-start=\"929\" data-end=\"981\">\n<p data-start=\"931\" data-end=\"981\"><em>Lichtvolle Begleitung in Zeiten innerer Wandlung<\/em><\/p>\n<\/li>\n<li data-start=\"982\" data-end=\"1024\">\n<p data-start=\"984\" data-end=\"1024\"><em>\u00d6ffnet das Kronen- und Sternentor-Chakra<\/em><\/p>\n<\/li>\n<\/ul>\n<p data-start=\"1026\" data-end=\"1048\"><em>\u00a0<strong data-start=\"1030\" data-end=\"1046\">Geeignet f\u00fcr<\/strong><\/em><\/p>\n<ul data-start=\"1049\" data-end=\"1281\">\n<li data-start=\"1049\" data-end=\"1098\">\n<p data-start=\"1051\" data-end=\"1098\"><em>Meditation &amp; Channeling mit Erzengel Metatron<\/em><\/p>\n<\/li>\n<li data-start=\"1099\" data-end=\"1146\">\n<p data-start=\"1101\" data-end=\"1146\"><em>Rituale der Transformation &amp; Neuausrichtung<\/em><\/p>\n<\/li>\n<li data-start=\"1147\" data-end=\"1209\">\n<p data-start=\"1149\" data-end=\"1209\"><em>Bewusstseinsarbeit, Schattenintegration &amp; Lichtverankerung<\/em><\/p>\n<\/li>\n<li data-start=\"1210\" data-end=\"1281\">\n<p data-start=\"1212\" data-end=\"1281\"><em>Zur Unterst\u00fctzung bei spiritueller Entwicklung und Selbsterm\u00e4chtigung<\/em><\/p>\n<\/li>\n<\/ul>\n<p data-start=\"1283\" data-end=\"1630\"><em><strong data-start=\"1286\" data-end=\"1306\">Pers\u00f6nliche Note<\/strong><\/em><br data-start=\"1306\" data-end=\"1309\" \/><em>Diese Mischung wirkt f\u00fcr mich wie ein Lichtstrahl in dunklen Momenten.<\/em><br data-start=\"1379\" data-end=\"1382\" \/><em>Sie bringt mir Klarheit, wenn vieles gleichzeitig geschieht, und hilft mir, mich innerlich auf das auszurichten, was wirklich z\u00e4hlt.<\/em><br data-start=\"1514\" data-end=\"1517\" \/><em>Mit Erzengel Metatron an meiner Seite sp\u00fcre ich tiefe Ordnung, Vertrauen und den Mut, meinen wahren Weg zu gehen.<\/em><\/p>\n<p data-start=\"1632\" data-end=\"1741\"><em>\ud83c\udf3f <strong data-start=\"1635\" data-end=\"1646\">Inhalt:<\/strong> Malvebl\u00fcten, Patchouli, Sandelholz, Pfingstrosenbl\u00fcten u.a.<\/em><\/p>\n<p data-start=\"1632\" data-end=\"1741\">\n","protected":false},"excerpt":{"rendered":"<p>Erzengel Metatron \u2013 Klarheit, Lichtkraft &amp; g\u00f6ttliche Ordnung\u00a0 Erzengel Metatron gilt als H\u00fcter des g\u00f6ttlichen Plans, der himmlischen Ordnung und als Begleiter auf dem Weg in die Neue Zeit.Diese besondere R\u00e4uchermischung verbindet dich mit seiner lichtvollen Pr\u00e4senz, bringt Klarheit in Gedanken und Gef\u00fchle und hilft dir, dich auf das Wesentliche zu fokussieren. Sie eignet sich [&hellip;]<\/p>\n","protected":false},"featured_media":1292,"comment_status":"open","ping_status":"closed","template":"","meta":{"_et_pb_use_builder":"","_et_pb_old_content":"","_et_gb_content_width":"","inline_featured_image":false},"product_brand":[],"product_cat":[22],"product_tag":[44],"class_list":{"0":"post-968","1":"product","2":"type-product","3":"status-publish","4":"has-post-thumbnail","6":"product_cat-mischungen","7":"product_tag-licht-in-schatten-bringen","9":"first","10":"instock","11":"shipping-taxable","12":"purchasable","13":"product-type-simple"},"_links":{"self":[{"href":"https:\/\/raeuchermagie.ch\/index.php?rest_route=\/wp\/v2\/product\/968","targetHints":{"allow":["GET"]}}],"collection":[{"href":"https:\/\/raeuchermagie.ch\/index.php?rest_route=\/wp\/v2\/product"}],"about":[{"href":"https:\/\/raeuchermagie.ch\/index.php?rest_route=\/wp\/v2\/types\/product"}],"replies":[{"embeddable":true,"href":"https:\/\/raeuchermagie.ch\/index.php?rest_route=%2Fwp%2Fv2%2Fcomments&post=968"}],"wp:featuredmedia":[{"embeddable":true,"href":"https:\/\/raeuchermagie.ch\/index.php?rest_route=\/wp\/v2\/media\/1292"}],"wp:attachment":[{"href":"https:\/\/raeuchermagie.ch\/index.php?rest_route=%2Fwp%2Fv2%2Fmedia&parent=968"}],"wp:term":[{"taxonomy":"product_brand","embeddable":true,"href":"https:\/\/raeuchermagie.ch\/index.php?rest_route=%2Fwp%2Fv2%2Fproduct_brand&post=968"},{"taxonomy":"product_cat","embeddable":true,"href":"https:\/\/raeuchermagie.ch\/index.php?rest_route=%2Fwp%2Fv2%2Fproduct_cat&post=968"},{"taxonomy":"product_tag","embeddable":true,"href":"https:\/\/raeuchermagie.ch\/index.php?rest_route=%2Fwp%2Fv2%2Fproduct_tag&post=968"}],"curies":[{"name":"wp","href":"https:\/\/api.w.org\/{rel}","templated":true}]}}