{"id":977,"date":"2025-04-26T08:02:26","date_gmt":"2025-04-26T06:02:26","guid":{"rendered":"https:\/\/raeuchermagie.ch\/?post_type=product&#038;p=977"},"modified":"2026-01-10T15:37:54","modified_gmt":"2026-01-10T14:37:54","slug":"weihrauch-insel-sokotra-jemen","status":"publish","type":"product","link":"https:\/\/raeuchermagie.ch\/?product=weihrauch-insel-sokotra-jemen","title":{"rendered":"Weihrauch Sokotra"},"content":{"rendered":"<h3 data-start=\"95\" data-end=\"145\"><em><strong data-start=\"99\" data-end=\"145\">Weihrauch Sokotra \u2013 Boswellia Elongata\u00a0<\/strong><\/em><\/h3>\n<p data-start=\"147\" data-end=\"444\"><em>Weihrauch Sokotra, gewonnen vom Boswellia Elongata Baum, ist eine seltene und besonders hochwertige Weihrauchart von der Insel Sokotra im Indischen Ozean. Sein Duft ist intensiv, balsamisch und leicht w\u00fcrzig mit einer warmen, erdigen Note, die eine tief beruhigende und kl\u00e4rende Wirkung entfaltet.<\/em><\/p>\n<p data-start=\"446\" data-end=\"649\"><em>Dieser Weihrauch wird traditionell f\u00fcr Meditation, energetische Reinigung und spirituelle Rituale verwendet. Er unterst\u00fctzt das Loslassen von alten Energien und f\u00f6rdert innere Balance sowie tiefe Erdung.<\/em><\/p>\n<p data-start=\"651\" data-end=\"677\"><em><strong data-start=\"654\" data-end=\"675\">Wirkung &amp; Impulse<\/strong><\/em><\/p>\n<ul data-start=\"678\" data-end=\"883\">\n<li data-start=\"678\" data-end=\"727\">\n<p data-start=\"680\" data-end=\"727\"><em>Reinigt und kl\u00e4rt R\u00e4ume sowie die eigene Aura<\/em><\/p>\n<\/li>\n<li data-start=\"728\" data-end=\"777\">\n<p data-start=\"730\" data-end=\"777\"><em>Unterst\u00fctzt Meditation und spirituelle Praxis<\/em><\/p>\n<\/li>\n<li data-start=\"778\" data-end=\"831\">\n<p data-start=\"780\" data-end=\"831\"><em>F\u00f6rdert Erdung, innere Ruhe und geistige Klarheit<\/em><\/p>\n<\/li>\n<li data-start=\"832\" data-end=\"883\">\n<p data-start=\"834\" data-end=\"883\"><em>Schafft eine sch\u00fctzende und heilende Atmosph\u00e4re<\/em><\/p>\n<\/li>\n<\/ul>\n<p data-start=\"885\" data-end=\"907\"><em><strong data-start=\"889\" data-end=\"905\">Geeignet f\u00fcr<\/strong><\/em><\/p>\n<ul data-start=\"908\" data-end=\"1037\">\n<li data-start=\"908\" data-end=\"940\">\n<p data-start=\"910\" data-end=\"940\"><em>Meditation und Gebetsrituale<\/em><\/p>\n<\/li>\n<li data-start=\"941\" data-end=\"998\">\n<p data-start=\"943\" data-end=\"998\"><em>Energetische Reinigung von Wohn- und Arbeitsbereichen<\/em><\/p>\n<\/li>\n<li data-start=\"999\" data-end=\"1037\">\n<p data-start=\"1001\" data-end=\"1037\"><em>Spirituelle Zeremonien und Rituale<\/em><\/p>\n<\/li>\n<\/ul>\n<p data-start=\"1039\" data-end=\"1242\"><em><strong data-start=\"1042\" data-end=\"1062\">Pers\u00f6nliche Note<\/strong><\/em><br data-start=\"1062\" data-end=\"1065\" \/><em>Ich sch\u00e4tze den seltenen Weihrauch von Sokotra f\u00fcr seinen kraftvollen, erdigen Duft, der mich tief mit der Natur verbindet und in Meditationen hilft, zur inneren Ruhe zu finden.<\/em><\/p>\n<p data-start=\"1244\" data-end=\"1364\"><em><strong data-start=\"1247\" data-end=\"1256\">Duft:<\/strong> Intensiv, balsamisch, w\u00fcrzig, erdig<\/em><br data-start=\"1292\" data-end=\"1295\" \/><em><strong data-start=\"1298\" data-end=\"1310\">Element:<\/strong> Erde &amp; Feuer<\/em><br data-start=\"1323\" data-end=\"1326\" \/><em><strong data-start=\"1328\" data-end=\"1339\">Chakra:<\/strong> Wurzel- und Herzchakra<\/em><\/p>\n<p data-start=\"1366\" data-end=\"1529\"><em><strong data-start=\"1369\" data-end=\"1378\">Tipp:<\/strong> Auf Kohle oder R\u00e4uchersieb sanft erhitzen. Passt wunderbar zu Sandelholz und Myrrhe.<\/em><\/p>\n","protected":false},"excerpt":{"rendered":"<p>Weihrauch Sokotra \u2013 Boswellia Elongata\u00a0 Weihrauch Sokotra, gewonnen vom Boswellia Elongata Baum, ist eine seltene und besonders hochwertige Weihrauchart von der Insel Sokotra im Indischen Ozean. Sein Duft ist intensiv, balsamisch und leicht w\u00fcrzig mit einer warmen, erdigen Note, die eine tief beruhigende und kl\u00e4rende Wirkung entfaltet. Dieser Weihrauch wird traditionell f\u00fcr Meditation, energetische Reinigung [&hellip;]<\/p>\n","protected":false},"featured_media":992,"comment_status":"open","ping_status":"closed","template":"","meta":{"_et_pb_use_builder":"","_et_pb_old_content":"","_et_gb_content_width":"","inline_featured_image":false},"product_brand":[],"product_cat":[20],"product_tag":[],"class_list":{"0":"post-977","1":"product","2":"type-product","3":"status-publish","4":"has-post-thumbnail","6":"product_cat-weihrauch","8":"first","9":"instock","10":"shipping-taxable","11":"purchasable","12":"product-type-simple"},"_links":{"self":[{"href":"https:\/\/raeuchermagie.ch\/index.php?rest_route=\/wp\/v2\/product\/977","targetHints":{"allow":["GET"]}}],"collection":[{"href":"https:\/\/raeuchermagie.ch\/index.php?rest_route=\/wp\/v2\/product"}],"about":[{"href":"https:\/\/raeuchermagie.ch\/index.php?rest_route=\/wp\/v2\/types\/product"}],"replies":[{"embeddable":true,"href":"https:\/\/raeuchermagie.ch\/index.php?rest_route=%2Fwp%2Fv2%2Fcomments&post=977"}],"wp:featuredmedia":[{"embeddable":true,"href":"https:\/\/raeuchermagie.ch\/index.php?rest_route=\/wp\/v2\/media\/992"}],"wp:attachment":[{"href":"https:\/\/raeuchermagie.ch\/index.php?rest_route=%2Fwp%2Fv2%2Fmedia&parent=977"}],"wp:term":[{"taxonomy":"product_brand","embeddable":true,"href":"https:\/\/raeuchermagie.ch\/index.php?rest_route=%2Fwp%2Fv2%2Fproduct_brand&post=977"},{"taxonomy":"product_cat","embeddable":true,"href":"https:\/\/raeuchermagie.ch\/index.php?rest_route=%2Fwp%2Fv2%2Fproduct_cat&post=977"},{"taxonomy":"product_tag","embeddable":true,"href":"https:\/\/raeuchermagie.ch\/index.php?rest_route=%2Fwp%2Fv2%2Fproduct_tag&post=977"}],"curies":[{"name":"wp","href":"https:\/\/api.w.org\/{rel}","templated":true}]}}