{"id":988,"date":"2025-04-26T08:02:51","date_gmt":"2025-04-26T06:02:51","guid":{"rendered":"https:\/\/raeuchermagie.ch\/?post_type=product&#038;p=988"},"modified":"2025-07-05T14:31:45","modified_gmt":"2025-07-05T12:31:45","slug":"erwachen","status":"publish","type":"product","link":"https:\/\/raeuchermagie.ch\/?product=erwachen","title":{"rendered":"Erwachen"},"content":{"rendered":"<h3 data-start=\"225\" data-end=\"269\"><em><strong data-start=\"229\" data-end=\"269\">Erwachen \u2013 Befreiung &amp; Neubeginn\u00a0<\/strong><\/em><\/h3>\n<p data-start=\"271\" data-end=\"571\"><em><strong data-start=\"271\" data-end=\"283\">Erwachen<\/strong> steht f\u00fcr den inneren Aufbruch \u2013 das Loslassen alter Muster, um Raum f\u00fcr Neues zu schaffen. Diese R\u00e4uchermischung unterst\u00fctzt dich dabei, dich von \u00fcberholten Gedankenstrukturen und alten Begrenzungen zu l\u00f6sen. So entsteht Klarheit, Bewusstsein und ein sanftes Erwachen in eine neue Zeit.<\/em><\/p>\n<p data-start=\"573\" data-end=\"701\"><em>Der Duft wirkt kl\u00e4rend, erhebend und \u00f6ffnet die T\u00fcren zu deinem wahren Selbst \u2013 bereit f\u00fcr die n\u00e4chsten Schritte auf deinem Weg.<\/em><\/p>\n<p data-start=\"703\" data-end=\"729\"><em><strong data-start=\"706\" data-end=\"727\">Wirkung &amp; Impulse<\/strong><\/em><\/p>\n<ul data-start=\"730\" data-end=\"984\">\n<li data-start=\"730\" data-end=\"763\">\n<p data-start=\"732\" data-end=\"763\"><em>L\u00f6st alte energetische Muster<\/em><\/p>\n<\/li>\n<li data-start=\"764\" data-end=\"820\">\n<p data-start=\"766\" data-end=\"820\"><em>Unterst\u00fctzt geistige Klarheit und innere Ausrichtung<\/em><\/p>\n<\/li>\n<li data-start=\"821\" data-end=\"858\">\n<p data-start=\"823\" data-end=\"858\"><em>Bringt Leichtigkeit &amp; Bewusstheit<\/em><\/p>\n<\/li>\n<li data-start=\"859\" data-end=\"912\">\n<p data-start=\"861\" data-end=\"912\"><em>\u00d6ffnet den Raum f\u00fcr Transformation &amp; Neubeginn\u00a0<\/em><\/p>\n<\/li>\n<li data-start=\"913\" data-end=\"984\">\n<p data-start=\"915\" data-end=\"984\"><em>F\u00f6rdert das innere Erwachen und die Verbindung zur neuen Zeit Qualit\u00e4t<\/em><\/p>\n<\/li>\n<\/ul>\n<p data-start=\"986\" data-end=\"1008\"><em><strong data-start=\"990\" data-end=\"1006\">Geeignet f\u00fcr<\/strong><\/em><\/p>\n<ul data-start=\"1009\" data-end=\"1229\">\n<li data-start=\"1009\" data-end=\"1059\">\n<p data-start=\"1011\" data-end=\"1059\"><em>Zeiten des Umbruchs und spirituellen Wachstums<\/em><\/p>\n<\/li>\n<li data-start=\"1060\" data-end=\"1095\">\n<p data-start=\"1062\" data-end=\"1095\"><em>Loslass Rituale &amp; innere Kl\u00e4rung<\/em><\/p>\n<\/li>\n<li data-start=\"1096\" data-end=\"1131\">\n<p data-start=\"1098\" data-end=\"1131\"><em>Meditation &amp; Bewusstseinsarbeit<\/em><\/p>\n<\/li>\n<li data-start=\"1132\" data-end=\"1166\">\n<p data-start=\"1134\" data-end=\"1166\"><em>\u00dcberg\u00e4nge \u2013 vom Alten ins Neue<\/em><\/p>\n<\/li>\n<li data-start=\"1167\" data-end=\"1229\">\n<p data-start=\"1169\" data-end=\"1229\"><em>F\u00fcr alle, die innerlich aufwachen und ihr Licht leben wollen<\/em><\/p>\n<\/li>\n<\/ul>\n<p data-start=\"1231\" data-end=\"1453\"><em><strong data-start=\"1234\" data-end=\"1254\">Kurz &amp; kraftvoll<\/strong><\/em><br data-start=\"1254\" data-end=\"1257\" \/><em><strong data-start=\"1257\" data-end=\"1271\">\u201eErwachen\u201c<\/strong> ist mehr als ein Duft \u2013 es ist ein Impuls zur Ver\u00e4nderung.<\/em><br data-start=\"1330\" data-end=\"1333\" \/><em>Sanft und zugleich kraftvoll begleitet dich diese Mischung auf deinem Weg in ein bewusstes, freies und lichtvolles Sein.<\/em><\/p>\n<p data-start=\"1455\" data-end=\"1589\"><em>Inhalt: Pfingstrosenbl\u00fcten, K\u00f6nigskerzenbl\u00fcten, Ysop u.a.\u00a0\u00a0<\/em><\/p>\n","protected":false},"excerpt":{"rendered":"<p><em>Erwachen in der neuen Zeit.<\/em><\/p>\n","protected":false},"featured_media":1295,"comment_status":"open","ping_status":"closed","template":"","meta":{"_et_pb_use_builder":"","_et_pb_old_content":"","_et_gb_content_width":"","inline_featured_image":false},"product_brand":[],"product_cat":[22],"product_tag":[45],"class_list":{"0":"post-988","1":"product","2":"type-product","3":"status-publish","4":"has-post-thumbnail","6":"product_cat-mischungen","7":"product_tag-erwachen-in-der-neuen-zeit","9":"first","10":"instock","11":"shipping-taxable","12":"purchasable","13":"product-type-simple"},"_links":{"self":[{"href":"https:\/\/raeuchermagie.ch\/index.php?rest_route=\/wp\/v2\/product\/988","targetHints":{"allow":["GET"]}}],"collection":[{"href":"https:\/\/raeuchermagie.ch\/index.php?rest_route=\/wp\/v2\/product"}],"about":[{"href":"https:\/\/raeuchermagie.ch\/index.php?rest_route=\/wp\/v2\/types\/product"}],"replies":[{"embeddable":true,"href":"https:\/\/raeuchermagie.ch\/index.php?rest_route=%2Fwp%2Fv2%2Fcomments&post=988"}],"wp:featuredmedia":[{"embeddable":true,"href":"https:\/\/raeuchermagie.ch\/index.php?rest_route=\/wp\/v2\/media\/1295"}],"wp:attachment":[{"href":"https:\/\/raeuchermagie.ch\/index.php?rest_route=%2Fwp%2Fv2%2Fmedia&parent=988"}],"wp:term":[{"taxonomy":"product_brand","embeddable":true,"href":"https:\/\/raeuchermagie.ch\/index.php?rest_route=%2Fwp%2Fv2%2Fproduct_brand&post=988"},{"taxonomy":"product_cat","embeddable":true,"href":"https:\/\/raeuchermagie.ch\/index.php?rest_route=%2Fwp%2Fv2%2Fproduct_cat&post=988"},{"taxonomy":"product_tag","embeddable":true,"href":"https:\/\/raeuchermagie.ch\/index.php?rest_route=%2Fwp%2Fv2%2Fproduct_tag&post=988"}],"curies":[{"name":"wp","href":"https:\/\/api.w.org\/{rel}","templated":true}]}}